{"id":24920,"date":"2023-09-22T10:56:57","date_gmt":"2023-09-22T10:56:57","guid":{"rendered":"https:\/\/www.siemon.com\/environments\/centros-de-dados\/"},"modified":"2025-09-04T23:10:13","modified_gmt":"2025-09-04T23:10:13","slug":"data-centers","status":"publish","type":"page","link":"https:\/\/siemondev.wpenginepowered.com\/pt-br\/environments\/data-centers\/","title":{"rendered":"Centros de dados"},"content":{"rendered":"","protected":false},"excerpt":{"rendered":"","protected":false},"author":1,"featured_media":24943,"parent":21451,"menu_order":0,"comment_status":"closed","ping_status":"closed","template":"","meta":{"_acf_changed":false,"inline_featured_image":false,"footnotes":""},"class_list":["post-24920","page","type-page","status-publish","has-post-thumbnail","hentry"],"acf":[],"yoast_head":"<!-- This site is optimized with the Yoast SEO Premium plugin v26.2 (Yoast SEO v26.9) - https:\/\/yoast.com\/product\/yoast-seo-premium-wordpress\/ -->\n<title>Centros de dados: Potencializando a era da informa\u00e7\u00e3o<\/title>\n<meta name=\"description\" content=\"Explore a fun\u00e7\u00e3o dos data centers na era digital. Descubra como os data centers fornecem a infraestrutura para as empresas operarem e crescerem.\" \/>\n<meta name=\"robots\" content=\"index, follow, max-snippet:-1, max-image-preview:large, max-video-preview:-1\" \/>\n<link rel=\"canonical\" href=\"https:\/\/siemondev.wpenginepowered.com\/pt-br\/environments\/data-centers\/\" \/>\n<meta property=\"og:locale\" content=\"pt_BR\" \/>\n<meta property=\"og:type\" content=\"article\" \/>\n<meta property=\"og:title\" content=\"Centros de dados\" \/>\n<meta property=\"og:description\" content=\"Explore a fun\u00e7\u00e3o dos data centers na era digital. Descubra como os data centers fornecem a infraestrutura para as empresas operarem e crescerem.\" \/>\n<meta property=\"og:url\" content=\"https:\/\/siemondev.wpenginepowered.com\/pt-br\/environments\/data-centers\/\" \/>\n<meta property=\"og:site_name\" content=\"Siemon\" \/>\n<meta property=\"article:publisher\" content=\"https:\/\/www.facebook.com\/siemoncabling\" \/>\n<meta property=\"article:modified_time\" content=\"2025-09-04T23:10:13+00:00\" \/>\n<meta property=\"og:image\" content=\"https:\/\/siemondev.wpenginepowered.com\/wp-content\/uploads\/Data_Center_Feature.jpg\" \/>\n\t<meta property=\"og:image:width\" content=\"800\" \/>\n\t<meta property=\"og:image:height\" content=\"500\" \/>\n\t<meta property=\"og:image:type\" content=\"image\/jpeg\" \/>\n<meta name=\"twitter:card\" content=\"summary_large_image\" \/>\n<meta name=\"twitter:site\" content=\"@siemon\" \/>\n<meta name=\"twitter:label1\" content=\"Est. tempo de leitura\" \/>\n\t<meta name=\"twitter:data1\" content=\"1 minuto\" \/>\n<script type=\"application\/ld+json\" class=\"yoast-schema-graph\">{\"@context\":\"https:\/\/schema.org\",\"@graph\":[{\"@type\":\"WebPage\",\"@id\":\"https:\/\/siemondev.wpenginepowered.com\/pt-br\/environments\/data-centers\/\",\"url\":\"https:\/\/siemondev.wpenginepowered.com\/pt-br\/environments\/data-centers\/\",\"name\":\"Centros de dados: Potencializando a era da informa\u00e7\u00e3o\",\"isPartOf\":{\"@id\":\"https:\/\/siemondev.wpenginepowered.com\/pt-br\/#website\"},\"primaryImageOfPage\":{\"@id\":\"https:\/\/siemondev.wpenginepowered.com\/pt-br\/environments\/data-centers\/#primaryimage\"},\"image\":{\"@id\":\"https:\/\/siemondev.wpenginepowered.com\/pt-br\/environments\/data-centers\/#primaryimage\"},\"thumbnailUrl\":\"https:\/\/siemondev.wpenginepowered.com\/wp-content\/uploads\/Data_Center_Feature.jpg\",\"datePublished\":\"2023-09-22T10:56:57+00:00\",\"dateModified\":\"2025-09-04T23:10:13+00:00\",\"description\":\"Explore a fun\u00e7\u00e3o dos data centers na era digital. Descubra como os data centers fornecem a infraestrutura para as empresas operarem e crescerem.\",\"breadcrumb\":{\"@id\":\"https:\/\/siemondev.wpenginepowered.com\/pt-br\/environments\/data-centers\/#breadcrumb\"},\"inLanguage\":\"pt-BR\",\"potentialAction\":[{\"@type\":\"ReadAction\",\"target\":[\"https:\/\/siemondev.wpenginepowered.com\/pt-br\/environments\/data-centers\/\"]}]},{\"@type\":\"ImageObject\",\"inLanguage\":\"pt-BR\",\"@id\":\"https:\/\/siemondev.wpenginepowered.com\/pt-br\/environments\/data-centers\/#primaryimage\",\"url\":\"https:\/\/siemondev.wpenginepowered.com\/wp-content\/uploads\/Data_Center_Feature.jpg\",\"contentUrl\":\"https:\/\/siemondev.wpenginepowered.com\/wp-content\/uploads\/Data_Center_Feature.jpg\",\"width\":800,\"height\":500},{\"@type\":\"BreadcrumbList\",\"@id\":\"https:\/\/siemondev.wpenginepowered.com\/pt-br\/environments\/data-centers\/#breadcrumb\",\"itemListElement\":[{\"@type\":\"ListItem\",\"position\":1,\"name\":\"Home\",\"item\":\"https:\/\/siemondev.wpenginepowered.com\/pt-br\/\"},{\"@type\":\"ListItem\",\"position\":2,\"name\":\"Seus ambientes\",\"item\":\"https:\/\/siemondev.wpenginepowered.com\/pt-br\/environments\/\"},{\"@type\":\"ListItem\",\"position\":3,\"name\":\"Centros de dados\"}]},{\"@type\":\"WebSite\",\"@id\":\"https:\/\/siemondev.wpenginepowered.com\/pt-br\/#website\",\"url\":\"https:\/\/siemondev.wpenginepowered.com\/pt-br\/\",\"name\":\"Siemon\",\"description\":\"\",\"publisher\":{\"@id\":\"https:\/\/siemondev.wpenginepowered.com\/pt-br\/#organization\"},\"potentialAction\":[{\"@type\":\"SearchAction\",\"target\":{\"@type\":\"EntryPoint\",\"urlTemplate\":\"https:\/\/siemondev.wpenginepowered.com\/pt-br\/?s={search_term_string}\"},\"query-input\":{\"@type\":\"PropertyValueSpecification\",\"valueRequired\":true,\"valueName\":\"search_term_string\"}}],\"inLanguage\":\"pt-BR\"},{\"@type\":\"Organization\",\"@id\":\"https:\/\/siemondev.wpenginepowered.com\/pt-br\/#organization\",\"name\":\"Siemon\",\"url\":\"https:\/\/siemondev.wpenginepowered.com\/pt-br\/\",\"logo\":{\"@type\":\"ImageObject\",\"inLanguage\":\"pt-BR\",\"@id\":\"https:\/\/siemondev.wpenginepowered.com\/pt-br\/#\/schema\/logo\/image\/\",\"url\":\"https:\/\/siemondev.wpenginepowered.com\/wp-content\/uploads\/Siemon_Logo-1.jpg\",\"contentUrl\":\"https:\/\/siemondev.wpenginepowered.com\/wp-content\/uploads\/Siemon_Logo-1.jpg\",\"width\":1800,\"height\":500,\"caption\":\"Siemon\"},\"image\":{\"@id\":\"https:\/\/siemondev.wpenginepowered.com\/pt-br\/#\/schema\/logo\/image\/\"},\"sameAs\":[\"https:\/\/www.facebook.com\/siemoncabling\",\"https:\/\/x.com\/siemon\",\"https:\/\/www.youtube.com\/user\/SiemonNetworkCabling\",\"https:\/\/www.linkedin.com\/company\/the-siemon-company\/\",\"https:\/\/www.instagram.com\/siemon_company\/\"]}]}<\/script>\n<!-- \/ Yoast SEO Premium plugin. -->","yoast_head_json":{"title":"Centros de dados: Potencializando a era da informa\u00e7\u00e3o","description":"Explore a fun\u00e7\u00e3o dos data centers na era digital. Descubra como os data centers fornecem a infraestrutura para as empresas operarem e crescerem.","robots":{"index":"index","follow":"follow","max-snippet":"max-snippet:-1","max-image-preview":"max-image-preview:large","max-video-preview":"max-video-preview:-1"},"canonical":"https:\/\/siemondev.wpenginepowered.com\/pt-br\/environments\/data-centers\/","og_locale":"pt_BR","og_type":"article","og_title":"Centros de dados","og_description":"Explore a fun\u00e7\u00e3o dos data centers na era digital. Descubra como os data centers fornecem a infraestrutura para as empresas operarem e crescerem.","og_url":"https:\/\/siemondev.wpenginepowered.com\/pt-br\/environments\/data-centers\/","og_site_name":"Siemon","article_publisher":"https:\/\/www.facebook.com\/siemoncabling","article_modified_time":"2025-09-04T23:10:13+00:00","og_image":[{"width":800,"height":500,"url":"https:\/\/siemondev.wpenginepowered.com\/wp-content\/uploads\/Data_Center_Feature.jpg","type":"image\/jpeg"}],"twitter_card":"summary_large_image","twitter_site":"@siemon","twitter_misc":{"Est. tempo de leitura":"1 minuto"},"schema":{"@context":"https:\/\/schema.org","@graph":[{"@type":"WebPage","@id":"https:\/\/siemondev.wpenginepowered.com\/pt-br\/environments\/data-centers\/","url":"https:\/\/siemondev.wpenginepowered.com\/pt-br\/environments\/data-centers\/","name":"Centros de dados: Potencializando a era da informa\u00e7\u00e3o","isPartOf":{"@id":"https:\/\/siemondev.wpenginepowered.com\/pt-br\/#website"},"primaryImageOfPage":{"@id":"https:\/\/siemondev.wpenginepowered.com\/pt-br\/environments\/data-centers\/#primaryimage"},"image":{"@id":"https:\/\/siemondev.wpenginepowered.com\/pt-br\/environments\/data-centers\/#primaryimage"},"thumbnailUrl":"https:\/\/siemondev.wpenginepowered.com\/wp-content\/uploads\/Data_Center_Feature.jpg","datePublished":"2023-09-22T10:56:57+00:00","dateModified":"2025-09-04T23:10:13+00:00","description":"Explore a fun\u00e7\u00e3o dos data centers na era digital. Descubra como os data centers fornecem a infraestrutura para as empresas operarem e crescerem.","breadcrumb":{"@id":"https:\/\/siemondev.wpenginepowered.com\/pt-br\/environments\/data-centers\/#breadcrumb"},"inLanguage":"pt-BR","potentialAction":[{"@type":"ReadAction","target":["https:\/\/siemondev.wpenginepowered.com\/pt-br\/environments\/data-centers\/"]}]},{"@type":"ImageObject","inLanguage":"pt-BR","@id":"https:\/\/siemondev.wpenginepowered.com\/pt-br\/environments\/data-centers\/#primaryimage","url":"https:\/\/siemondev.wpenginepowered.com\/wp-content\/uploads\/Data_Center_Feature.jpg","contentUrl":"https:\/\/siemondev.wpenginepowered.com\/wp-content\/uploads\/Data_Center_Feature.jpg","width":800,"height":500},{"@type":"BreadcrumbList","@id":"https:\/\/siemondev.wpenginepowered.com\/pt-br\/environments\/data-centers\/#breadcrumb","itemListElement":[{"@type":"ListItem","position":1,"name":"Home","item":"https:\/\/siemondev.wpenginepowered.com\/pt-br\/"},{"@type":"ListItem","position":2,"name":"Seus ambientes","item":"https:\/\/siemondev.wpenginepowered.com\/pt-br\/environments\/"},{"@type":"ListItem","position":3,"name":"Centros de dados"}]},{"@type":"WebSite","@id":"https:\/\/siemondev.wpenginepowered.com\/pt-br\/#website","url":"https:\/\/siemondev.wpenginepowered.com\/pt-br\/","name":"Siemon","description":"","publisher":{"@id":"https:\/\/siemondev.wpenginepowered.com\/pt-br\/#organization"},"potentialAction":[{"@type":"SearchAction","target":{"@type":"EntryPoint","urlTemplate":"https:\/\/siemondev.wpenginepowered.com\/pt-br\/?s={search_term_string}"},"query-input":{"@type":"PropertyValueSpecification","valueRequired":true,"valueName":"search_term_string"}}],"inLanguage":"pt-BR"},{"@type":"Organization","@id":"https:\/\/siemondev.wpenginepowered.com\/pt-br\/#organization","name":"Siemon","url":"https:\/\/siemondev.wpenginepowered.com\/pt-br\/","logo":{"@type":"ImageObject","inLanguage":"pt-BR","@id":"https:\/\/siemondev.wpenginepowered.com\/pt-br\/#\/schema\/logo\/image\/","url":"https:\/\/siemondev.wpenginepowered.com\/wp-content\/uploads\/Siemon_Logo-1.jpg","contentUrl":"https:\/\/siemondev.wpenginepowered.com\/wp-content\/uploads\/Siemon_Logo-1.jpg","width":1800,"height":500,"caption":"Siemon"},"image":{"@id":"https:\/\/siemondev.wpenginepowered.com\/pt-br\/#\/schema\/logo\/image\/"},"sameAs":["https:\/\/www.facebook.com\/siemoncabling","https:\/\/x.com\/siemon","https:\/\/www.youtube.com\/user\/SiemonNetworkCabling","https:\/\/www.linkedin.com\/company\/the-siemon-company\/","https:\/\/www.instagram.com\/siemon_company\/"]}]}},"_links":{"self":[{"href":"https:\/\/siemondev.wpenginepowered.com\/pt-br\/wp-json\/wp\/v2\/pages\/24920","targetHints":{"allow":["GET"]}}],"collection":[{"href":"https:\/\/siemondev.wpenginepowered.com\/pt-br\/wp-json\/wp\/v2\/pages"}],"about":[{"href":"https:\/\/siemondev.wpenginepowered.com\/pt-br\/wp-json\/wp\/v2\/types\/page"}],"author":[{"embeddable":true,"href":"https:\/\/siemondev.wpenginepowered.com\/pt-br\/wp-json\/wp\/v2\/users\/1"}],"replies":[{"embeddable":true,"href":"https:\/\/siemondev.wpenginepowered.com\/pt-br\/wp-json\/wp\/v2\/comments?post=24920"}],"version-history":[{"count":0,"href":"https:\/\/siemondev.wpenginepowered.com\/pt-br\/wp-json\/wp\/v2\/pages\/24920\/revisions"}],"up":[{"embeddable":true,"href":"https:\/\/siemondev.wpenginepowered.com\/pt-br\/wp-json\/wp\/v2\/pages\/21451"}],"wp:featuredmedia":[{"embeddable":true,"href":"https:\/\/siemondev.wpenginepowered.com\/pt-br\/wp-json\/wp\/v2\/media\/24943"}],"wp:attachment":[{"href":"https:\/\/siemondev.wpenginepowered.com\/pt-br\/wp-json\/wp\/v2\/media?parent=24920"}],"curies":[{"name":"wp","href":"https:\/\/api.w.org\/{rel}","templated":true}]}}