{"id":23065,"date":"2023-09-28T14:56:03","date_gmt":"2023-09-28T14:56:03","guid":{"rendered":"https:\/\/www.siemon.com\/environments\/batiments-intelligents\/"},"modified":"2026-02-05T00:27:19","modified_gmt":"2026-02-05T00:27:19","slug":"smart-buildings","status":"publish","type":"page","link":"https:\/\/siemondev.wpenginepowered.com\/fr\/environments\/smart-buildings\/","title":{"rendered":"Smart Buildings"},"content":{"rendered":"","protected":false},"excerpt":{"rendered":"<p>Pr\u00eats \u00e0 mettre le cap sur le b\u00e2timent intelligent ? Siemon ma\u00eetrise les applications essentielles qui pilotent les espaces modernes, du Wi-Fi de nouvelle g\u00e9n\u00e9ration \u00e0 l&rsquo;\u00e9clairage PoE. Associez-vous \u00e0 nous pour transformer votre infrastructure et r\u00e9v\u00e9ler le plein potentiel de vos locaux.<\/p>\n","protected":false},"author":1,"featured_media":29003,"parent":21448,"menu_order":2,"comment_status":"closed","ping_status":"closed","template":"","meta":{"_acf_changed":false,"inline_featured_image":false,"footnotes":""},"class_list":["post-23065","page","type-page","status-publish","has-post-thumbnail","hentry"],"acf":[],"yoast_head":"<!-- This site is optimized with the Yoast SEO Premium plugin v26.2 (Yoast SEO v26.9) - https:\/\/yoast.com\/product\/yoast-seo-premium-wordpress\/ -->\n<title>B\u00e2timents Intelligents et Solutions d&#039;Infrastructure | Siemon<\/title>\n<meta name=\"description\" content=\"Lib\u00e9rez le potentiel de vos b\u00e2timents avec Siemon. D\u00e9couvrez nos solutions pour le Wi-Fi, la s\u00e9curit\u00e9 et l&#039;\u00e9clairage PoE. Demandez votre consultation gratuite.\" \/>\n<meta name=\"robots\" content=\"index, follow, max-snippet:-1, max-image-preview:large, max-video-preview:-1\" \/>\n<link rel=\"canonical\" href=\"https:\/\/siemondev.wpenginepowered.com\/fr\/environments\/smart-buildings\/\" \/>\n<meta property=\"og:locale\" content=\"fr_FR\" \/>\n<meta property=\"og:type\" content=\"article\" \/>\n<meta property=\"og:title\" content=\"Smart Buildings\" \/>\n<meta property=\"og:description\" content=\"Lib\u00e9rez le potentiel de vos b\u00e2timents avec Siemon. D\u00e9couvrez nos solutions pour le Wi-Fi, la s\u00e9curit\u00e9 et l&#039;\u00e9clairage PoE. Demandez votre consultation gratuite.\" \/>\n<meta property=\"og:url\" content=\"https:\/\/siemondev.wpenginepowered.com\/fr\/environments\/smart-buildings\/\" \/>\n<meta property=\"og:site_name\" content=\"Siemon\" \/>\n<meta property=\"article:publisher\" content=\"https:\/\/www.facebook.com\/siemoncabling\" \/>\n<meta property=\"article:modified_time\" content=\"2026-02-05T00:27:19+00:00\" \/>\n<meta property=\"og:image\" content=\"https:\/\/siemondev.wpenginepowered.com\/wp-content\/uploads\/Siemon_Environments_Smart-Building_Feature.jpg\" \/>\n\t<meta property=\"og:image:width\" content=\"800\" \/>\n\t<meta property=\"og:image:height\" content=\"600\" \/>\n\t<meta property=\"og:image:type\" content=\"image\/jpeg\" \/>\n<meta name=\"twitter:card\" content=\"summary_large_image\" \/>\n<meta name=\"twitter:site\" content=\"@siemon\" \/>\n<meta name=\"twitter:label1\" content=\"Dur\u00e9e de lecture estim\u00e9e\" \/>\n\t<meta name=\"twitter:data1\" content=\"1 minute\" \/>\n<script type=\"application\/ld+json\" class=\"yoast-schema-graph\">{\"@context\":\"https:\/\/schema.org\",\"@graph\":[{\"@type\":\"WebPage\",\"@id\":\"https:\/\/siemondev.wpenginepowered.com\/fr\/environments\/smart-buildings\/\",\"url\":\"https:\/\/siemondev.wpenginepowered.com\/fr\/environments\/smart-buildings\/\",\"name\":\"B\u00e2timents Intelligents et Solutions d'Infrastructure | Siemon\",\"isPartOf\":{\"@id\":\"https:\/\/siemondev.wpenginepowered.com\/fr\/#website\"},\"primaryImageOfPage\":{\"@id\":\"https:\/\/siemondev.wpenginepowered.com\/fr\/environments\/smart-buildings\/#primaryimage\"},\"image\":{\"@id\":\"https:\/\/siemondev.wpenginepowered.com\/fr\/environments\/smart-buildings\/#primaryimage\"},\"thumbnailUrl\":\"https:\/\/siemondev.wpenginepowered.com\/wp-content\/uploads\/Siemon_Environments_Smart-Building_Feature.jpg\",\"datePublished\":\"2023-09-28T14:56:03+00:00\",\"dateModified\":\"2026-02-05T00:27:19+00:00\",\"description\":\"Lib\u00e9rez le potentiel de vos b\u00e2timents avec Siemon. D\u00e9couvrez nos solutions pour le Wi-Fi, la s\u00e9curit\u00e9 et l'\u00e9clairage PoE. Demandez votre consultation gratuite.\",\"breadcrumb\":{\"@id\":\"https:\/\/siemondev.wpenginepowered.com\/fr\/environments\/smart-buildings\/#breadcrumb\"},\"inLanguage\":\"fr-FR\",\"potentialAction\":[{\"@type\":\"ReadAction\",\"target\":[\"https:\/\/siemondev.wpenginepowered.com\/fr\/environments\/smart-buildings\/\"]}]},{\"@type\":\"ImageObject\",\"inLanguage\":\"fr-FR\",\"@id\":\"https:\/\/siemondev.wpenginepowered.com\/fr\/environments\/smart-buildings\/#primaryimage\",\"url\":\"https:\/\/siemondev.wpenginepowered.com\/wp-content\/uploads\/Siemon_Environments_Smart-Building_Feature.jpg\",\"contentUrl\":\"https:\/\/siemondev.wpenginepowered.com\/wp-content\/uploads\/Siemon_Environments_Smart-Building_Feature.jpg\",\"width\":800,\"height\":600,\"caption\":\"Smart-Building Feature\"},{\"@type\":\"BreadcrumbList\",\"@id\":\"https:\/\/siemondev.wpenginepowered.com\/fr\/environments\/smart-buildings\/#breadcrumb\",\"itemListElement\":[{\"@type\":\"ListItem\",\"position\":1,\"name\":\"Home\",\"item\":\"https:\/\/siemondev.wpenginepowered.com\/fr\/\"},{\"@type\":\"ListItem\",\"position\":2,\"name\":\"Vos environnements\",\"item\":\"https:\/\/siemondev.wpenginepowered.com\/fr\/environments\/\"},{\"@type\":\"ListItem\",\"position\":3,\"name\":\"Smart Buildings\"}]},{\"@type\":\"WebSite\",\"@id\":\"https:\/\/siemondev.wpenginepowered.com\/fr\/#website\",\"url\":\"https:\/\/siemondev.wpenginepowered.com\/fr\/\",\"name\":\"Siemon\",\"description\":\"\",\"publisher\":{\"@id\":\"https:\/\/siemondev.wpenginepowered.com\/fr\/#organization\"},\"potentialAction\":[{\"@type\":\"SearchAction\",\"target\":{\"@type\":\"EntryPoint\",\"urlTemplate\":\"https:\/\/siemondev.wpenginepowered.com\/fr\/?s={search_term_string}\"},\"query-input\":{\"@type\":\"PropertyValueSpecification\",\"valueRequired\":true,\"valueName\":\"search_term_string\"}}],\"inLanguage\":\"fr-FR\"},{\"@type\":\"Organization\",\"@id\":\"https:\/\/siemondev.wpenginepowered.com\/fr\/#organization\",\"name\":\"Siemon\",\"url\":\"https:\/\/siemondev.wpenginepowered.com\/fr\/\",\"logo\":{\"@type\":\"ImageObject\",\"inLanguage\":\"fr-FR\",\"@id\":\"https:\/\/siemondev.wpenginepowered.com\/fr\/#\/schema\/logo\/image\/\",\"url\":\"https:\/\/siemondev.wpenginepowered.com\/wp-content\/uploads\/Siemon_Logo-1.jpg\",\"contentUrl\":\"https:\/\/siemondev.wpenginepowered.com\/wp-content\/uploads\/Siemon_Logo-1.jpg\",\"width\":1800,\"height\":500,\"caption\":\"Siemon\"},\"image\":{\"@id\":\"https:\/\/siemondev.wpenginepowered.com\/fr\/#\/schema\/logo\/image\/\"},\"sameAs\":[\"https:\/\/www.facebook.com\/siemoncabling\",\"https:\/\/x.com\/siemon\",\"https:\/\/www.youtube.com\/user\/SiemonNetworkCabling\",\"https:\/\/www.linkedin.com\/company\/the-siemon-company\/\",\"https:\/\/www.instagram.com\/siemon_company\/\"]}]}<\/script>\n<!-- \/ Yoast SEO Premium plugin. -->","yoast_head_json":{"title":"B\u00e2timents Intelligents et Solutions d'Infrastructure | Siemon","description":"Lib\u00e9rez le potentiel de vos b\u00e2timents avec Siemon. D\u00e9couvrez nos solutions pour le Wi-Fi, la s\u00e9curit\u00e9 et l'\u00e9clairage PoE. Demandez votre consultation gratuite.","robots":{"index":"index","follow":"follow","max-snippet":"max-snippet:-1","max-image-preview":"max-image-preview:large","max-video-preview":"max-video-preview:-1"},"canonical":"https:\/\/siemondev.wpenginepowered.com\/fr\/environments\/smart-buildings\/","og_locale":"fr_FR","og_type":"article","og_title":"Smart Buildings","og_description":"Lib\u00e9rez le potentiel de vos b\u00e2timents avec Siemon. D\u00e9couvrez nos solutions pour le Wi-Fi, la s\u00e9curit\u00e9 et l'\u00e9clairage PoE. Demandez votre consultation gratuite.","og_url":"https:\/\/siemondev.wpenginepowered.com\/fr\/environments\/smart-buildings\/","og_site_name":"Siemon","article_publisher":"https:\/\/www.facebook.com\/siemoncabling","article_modified_time":"2026-02-05T00:27:19+00:00","og_image":[{"width":800,"height":600,"url":"https:\/\/siemondev.wpenginepowered.com\/wp-content\/uploads\/Siemon_Environments_Smart-Building_Feature.jpg","type":"image\/jpeg"}],"twitter_card":"summary_large_image","twitter_site":"@siemon","twitter_misc":{"Dur\u00e9e de lecture estim\u00e9e":"1 minute"},"schema":{"@context":"https:\/\/schema.org","@graph":[{"@type":"WebPage","@id":"https:\/\/siemondev.wpenginepowered.com\/fr\/environments\/smart-buildings\/","url":"https:\/\/siemondev.wpenginepowered.com\/fr\/environments\/smart-buildings\/","name":"B\u00e2timents Intelligents et Solutions d'Infrastructure | Siemon","isPartOf":{"@id":"https:\/\/siemondev.wpenginepowered.com\/fr\/#website"},"primaryImageOfPage":{"@id":"https:\/\/siemondev.wpenginepowered.com\/fr\/environments\/smart-buildings\/#primaryimage"},"image":{"@id":"https:\/\/siemondev.wpenginepowered.com\/fr\/environments\/smart-buildings\/#primaryimage"},"thumbnailUrl":"https:\/\/siemondev.wpenginepowered.com\/wp-content\/uploads\/Siemon_Environments_Smart-Building_Feature.jpg","datePublished":"2023-09-28T14:56:03+00:00","dateModified":"2026-02-05T00:27:19+00:00","description":"Lib\u00e9rez le potentiel de vos b\u00e2timents avec Siemon. D\u00e9couvrez nos solutions pour le Wi-Fi, la s\u00e9curit\u00e9 et l'\u00e9clairage PoE. Demandez votre consultation gratuite.","breadcrumb":{"@id":"https:\/\/siemondev.wpenginepowered.com\/fr\/environments\/smart-buildings\/#breadcrumb"},"inLanguage":"fr-FR","potentialAction":[{"@type":"ReadAction","target":["https:\/\/siemondev.wpenginepowered.com\/fr\/environments\/smart-buildings\/"]}]},{"@type":"ImageObject","inLanguage":"fr-FR","@id":"https:\/\/siemondev.wpenginepowered.com\/fr\/environments\/smart-buildings\/#primaryimage","url":"https:\/\/siemondev.wpenginepowered.com\/wp-content\/uploads\/Siemon_Environments_Smart-Building_Feature.jpg","contentUrl":"https:\/\/siemondev.wpenginepowered.com\/wp-content\/uploads\/Siemon_Environments_Smart-Building_Feature.jpg","width":800,"height":600,"caption":"Smart-Building Feature"},{"@type":"BreadcrumbList","@id":"https:\/\/siemondev.wpenginepowered.com\/fr\/environments\/smart-buildings\/#breadcrumb","itemListElement":[{"@type":"ListItem","position":1,"name":"Home","item":"https:\/\/siemondev.wpenginepowered.com\/fr\/"},{"@type":"ListItem","position":2,"name":"Vos environnements","item":"https:\/\/siemondev.wpenginepowered.com\/fr\/environments\/"},{"@type":"ListItem","position":3,"name":"Smart Buildings"}]},{"@type":"WebSite","@id":"https:\/\/siemondev.wpenginepowered.com\/fr\/#website","url":"https:\/\/siemondev.wpenginepowered.com\/fr\/","name":"Siemon","description":"","publisher":{"@id":"https:\/\/siemondev.wpenginepowered.com\/fr\/#organization"},"potentialAction":[{"@type":"SearchAction","target":{"@type":"EntryPoint","urlTemplate":"https:\/\/siemondev.wpenginepowered.com\/fr\/?s={search_term_string}"},"query-input":{"@type":"PropertyValueSpecification","valueRequired":true,"valueName":"search_term_string"}}],"inLanguage":"fr-FR"},{"@type":"Organization","@id":"https:\/\/siemondev.wpenginepowered.com\/fr\/#organization","name":"Siemon","url":"https:\/\/siemondev.wpenginepowered.com\/fr\/","logo":{"@type":"ImageObject","inLanguage":"fr-FR","@id":"https:\/\/siemondev.wpenginepowered.com\/fr\/#\/schema\/logo\/image\/","url":"https:\/\/siemondev.wpenginepowered.com\/wp-content\/uploads\/Siemon_Logo-1.jpg","contentUrl":"https:\/\/siemondev.wpenginepowered.com\/wp-content\/uploads\/Siemon_Logo-1.jpg","width":1800,"height":500,"caption":"Siemon"},"image":{"@id":"https:\/\/siemondev.wpenginepowered.com\/fr\/#\/schema\/logo\/image\/"},"sameAs":["https:\/\/www.facebook.com\/siemoncabling","https:\/\/x.com\/siemon","https:\/\/www.youtube.com\/user\/SiemonNetworkCabling","https:\/\/www.linkedin.com\/company\/the-siemon-company\/","https:\/\/www.instagram.com\/siemon_company\/"]}]}},"_links":{"self":[{"href":"https:\/\/siemondev.wpenginepowered.com\/fr\/wp-json\/wp\/v2\/pages\/23065","targetHints":{"allow":["GET"]}}],"collection":[{"href":"https:\/\/siemondev.wpenginepowered.com\/fr\/wp-json\/wp\/v2\/pages"}],"about":[{"href":"https:\/\/siemondev.wpenginepowered.com\/fr\/wp-json\/wp\/v2\/types\/page"}],"author":[{"embeddable":true,"href":"https:\/\/siemondev.wpenginepowered.com\/fr\/wp-json\/wp\/v2\/users\/1"}],"replies":[{"embeddable":true,"href":"https:\/\/siemondev.wpenginepowered.com\/fr\/wp-json\/wp\/v2\/comments?post=23065"}],"version-history":[{"count":0,"href":"https:\/\/siemondev.wpenginepowered.com\/fr\/wp-json\/wp\/v2\/pages\/23065\/revisions"}],"up":[{"embeddable":true,"href":"https:\/\/siemondev.wpenginepowered.com\/fr\/wp-json\/wp\/v2\/pages\/21448"}],"wp:featuredmedia":[{"embeddable":true,"href":"https:\/\/siemondev.wpenginepowered.com\/fr\/wp-json\/wp\/v2\/media\/29003"}],"wp:attachment":[{"href":"https:\/\/siemondev.wpenginepowered.com\/fr\/wp-json\/wp\/v2\/media?parent=23065"}],"curies":[{"name":"wp","href":"https:\/\/api.w.org\/{rel}","templated":true}]}}