{"id":23035,"date":"2024-04-24T00:55:29","date_gmt":"2024-04-24T00:55:29","guid":{"rendered":"https:\/\/www.siemon.com\/base-8\/"},"modified":"2025-04-11T02:46:51","modified_gmt":"2025-04-11T02:46:51","slug":"base-8","status":"publish","type":"page","link":"https:\/\/siemondev.wpenginepowered.com\/fr\/solutions\/fiber-systems\/base-8\/","title":{"rendered":"Base-8"},"content":{"rendered":"","protected":false},"excerpt":{"rendered":"","protected":false},"author":2,"featured_media":10887,"parent":23036,"menu_order":3,"comment_status":"closed","ping_status":"closed","template":"","meta":{"_acf_changed":false,"inline_featured_image":false,"footnotes":""},"class_list":["post-23035","page","type-page","status-publish","has-post-thumbnail","hentry"],"acf":[],"yoast_head":"<!-- This site is optimized with the Yoast SEO Premium plugin v26.2 (Yoast SEO v26.9) - https:\/\/yoast.com\/product\/yoast-seo-premium-wordpress\/ -->\n<title>Base-8 - Siemon<\/title>\n<meta name=\"description\" content=\"SiemonLes syst\u00e8mes de fibre optique Base-8 Plug and Play de Siemon, qui font partie des solutions avanc\u00e9es de c\u00e2blage en fibre optique et de LightVerse\u00ae, assurent la transition la plus simple et la plus transparente entre le duplex 10 Gb\/s et les applications actuelles et futures \u00e0 8 fibres jusqu&#039;\u00e0 400 Gig.\" \/>\n<meta name=\"robots\" content=\"index, follow, max-snippet:-1, max-image-preview:large, max-video-preview:-1\" \/>\n<link rel=\"canonical\" href=\"https:\/\/siemondev.wpenginepowered.com\/fr\/solutions\/fiber-systems\/base-8\/\" \/>\n<meta property=\"og:locale\" content=\"fr_FR\" \/>\n<meta property=\"og:type\" content=\"article\" \/>\n<meta property=\"og:title\" content=\"Base-8\" \/>\n<meta property=\"og:description\" content=\"SiemonLes syst\u00e8mes de fibre optique Base-8 Plug and Play de Siemon, qui font partie des solutions avanc\u00e9es de c\u00e2blage en fibre optique et de LightVerse\u00ae, assurent la transition la plus simple et la plus transparente entre le duplex 10 Gb\/s et les applications actuelles et futures \u00e0 8 fibres jusqu&#039;\u00e0 400 Gig.\" \/>\n<meta property=\"og:url\" content=\"https:\/\/siemondev.wpenginepowered.com\/fr\/solutions\/fiber-systems\/base-8\/\" \/>\n<meta property=\"og:site_name\" content=\"Siemon\" \/>\n<meta property=\"article:publisher\" content=\"https:\/\/www.facebook.com\/siemoncabling\" \/>\n<meta property=\"article:modified_time\" content=\"2025-04-11T02:46:51+00:00\" \/>\n<meta property=\"og:image\" content=\"https:\/\/siemondev.wpenginepowered.com\/wp-content\/uploads\/Siemon_Solutions_Fiber_base-8_Feature.png\" \/>\n\t<meta property=\"og:image:width\" content=\"800\" \/>\n\t<meta property=\"og:image:height\" content=\"600\" \/>\n\t<meta property=\"og:image:type\" content=\"image\/png\" \/>\n<meta name=\"twitter:card\" content=\"summary_large_image\" \/>\n<meta name=\"twitter:site\" content=\"@siemon\" \/>\n<meta name=\"twitter:label1\" content=\"Dur\u00e9e de lecture estim\u00e9e\" \/>\n\t<meta name=\"twitter:data1\" content=\"1 minute\" \/>\n<script type=\"application\/ld+json\" class=\"yoast-schema-graph\">{\"@context\":\"https:\/\/schema.org\",\"@graph\":[{\"@type\":\"WebPage\",\"@id\":\"https:\/\/siemondev.wpenginepowered.com\/fr\/solutions\/fiber-systems\/base-8\/\",\"url\":\"https:\/\/siemondev.wpenginepowered.com\/fr\/solutions\/fiber-systems\/base-8\/\",\"name\":\"Base-8 - Siemon\",\"isPartOf\":{\"@id\":\"https:\/\/siemondev.wpenginepowered.com\/fr\/#website\"},\"primaryImageOfPage\":{\"@id\":\"https:\/\/siemondev.wpenginepowered.com\/fr\/solutions\/fiber-systems\/base-8\/#primaryimage\"},\"image\":{\"@id\":\"https:\/\/siemondev.wpenginepowered.com\/fr\/solutions\/fiber-systems\/base-8\/#primaryimage\"},\"thumbnailUrl\":\"https:\/\/siemondev.wpenginepowered.com\/wp-content\/uploads\/Siemon_Solutions_Fiber_base-8_Feature.png\",\"datePublished\":\"2024-04-24T00:55:29+00:00\",\"dateModified\":\"2025-04-11T02:46:51+00:00\",\"description\":\"SiemonLes syst\u00e8mes de fibre optique Base-8 Plug and Play de Siemon, qui font partie des solutions avanc\u00e9es de c\u00e2blage en fibre optique et de LightVerse\u00ae, assurent la transition la plus simple et la plus transparente entre le duplex 10 Gb\/s et les applications actuelles et futures \u00e0 8 fibres jusqu'\u00e0 400 Gig.\",\"breadcrumb\":{\"@id\":\"https:\/\/siemondev.wpenginepowered.com\/fr\/solutions\/fiber-systems\/base-8\/#breadcrumb\"},\"inLanguage\":\"fr-FR\",\"potentialAction\":[{\"@type\":\"ReadAction\",\"target\":[\"https:\/\/siemondev.wpenginepowered.com\/fr\/solutions\/fiber-systems\/base-8\/\"]}]},{\"@type\":\"ImageObject\",\"inLanguage\":\"fr-FR\",\"@id\":\"https:\/\/siemondev.wpenginepowered.com\/fr\/solutions\/fiber-systems\/base-8\/#primaryimage\",\"url\":\"https:\/\/siemondev.wpenginepowered.com\/wp-content\/uploads\/Siemon_Solutions_Fiber_base-8_Feature.png\",\"contentUrl\":\"https:\/\/siemondev.wpenginepowered.com\/wp-content\/uploads\/Siemon_Solutions_Fiber_base-8_Feature.png\",\"width\":800,\"height\":600,\"caption\":\"Base-8 Feature\"},{\"@type\":\"BreadcrumbList\",\"@id\":\"https:\/\/siemondev.wpenginepowered.com\/fr\/solutions\/fiber-systems\/base-8\/#breadcrumb\",\"itemListElement\":[{\"@type\":\"ListItem\",\"position\":1,\"name\":\"Home\",\"item\":\"https:\/\/siemondev.wpenginepowered.com\/fr\/\"},{\"@type\":\"ListItem\",\"position\":2,\"name\":\"Solutions\",\"item\":\"https:\/\/siemondev.wpenginepowered.com\/fr\/solutions\/\"},{\"@type\":\"ListItem\",\"position\":3,\"name\":\"Syst\u00e8mes \u00e0 fibres optiques\",\"item\":\"https:\/\/siemondev.wpenginepowered.com\/fr\/solutions\/fiber-systems\/\"},{\"@type\":\"ListItem\",\"position\":4,\"name\":\"Base-8\"}]},{\"@type\":\"WebSite\",\"@id\":\"https:\/\/siemondev.wpenginepowered.com\/fr\/#website\",\"url\":\"https:\/\/siemondev.wpenginepowered.com\/fr\/\",\"name\":\"Siemon\",\"description\":\"\",\"publisher\":{\"@id\":\"https:\/\/siemondev.wpenginepowered.com\/fr\/#organization\"},\"potentialAction\":[{\"@type\":\"SearchAction\",\"target\":{\"@type\":\"EntryPoint\",\"urlTemplate\":\"https:\/\/siemondev.wpenginepowered.com\/fr\/?s={search_term_string}\"},\"query-input\":{\"@type\":\"PropertyValueSpecification\",\"valueRequired\":true,\"valueName\":\"search_term_string\"}}],\"inLanguage\":\"fr-FR\"},{\"@type\":\"Organization\",\"@id\":\"https:\/\/siemondev.wpenginepowered.com\/fr\/#organization\",\"name\":\"Siemon\",\"url\":\"https:\/\/siemondev.wpenginepowered.com\/fr\/\",\"logo\":{\"@type\":\"ImageObject\",\"inLanguage\":\"fr-FR\",\"@id\":\"https:\/\/siemondev.wpenginepowered.com\/fr\/#\/schema\/logo\/image\/\",\"url\":\"https:\/\/siemondev.wpenginepowered.com\/wp-content\/uploads\/Siemon_Logo-1.jpg\",\"contentUrl\":\"https:\/\/siemondev.wpenginepowered.com\/wp-content\/uploads\/Siemon_Logo-1.jpg\",\"width\":1800,\"height\":500,\"caption\":\"Siemon\"},\"image\":{\"@id\":\"https:\/\/siemondev.wpenginepowered.com\/fr\/#\/schema\/logo\/image\/\"},\"sameAs\":[\"https:\/\/www.facebook.com\/siemoncabling\",\"https:\/\/x.com\/siemon\",\"https:\/\/www.youtube.com\/user\/SiemonNetworkCabling\",\"https:\/\/www.linkedin.com\/company\/the-siemon-company\/\",\"https:\/\/www.instagram.com\/siemon_company\/\"]}]}<\/script>\n<!-- \/ Yoast SEO Premium plugin. -->","yoast_head_json":{"title":"Base-8 - Siemon","description":"SiemonLes syst\u00e8mes de fibre optique Base-8 Plug and Play de Siemon, qui font partie des solutions avanc\u00e9es de c\u00e2blage en fibre optique et de LightVerse\u00ae, assurent la transition la plus simple et la plus transparente entre le duplex 10 Gb\/s et les applications actuelles et futures \u00e0 8 fibres jusqu'\u00e0 400 Gig.","robots":{"index":"index","follow":"follow","max-snippet":"max-snippet:-1","max-image-preview":"max-image-preview:large","max-video-preview":"max-video-preview:-1"},"canonical":"https:\/\/siemondev.wpenginepowered.com\/fr\/solutions\/fiber-systems\/base-8\/","og_locale":"fr_FR","og_type":"article","og_title":"Base-8","og_description":"SiemonLes syst\u00e8mes de fibre optique Base-8 Plug and Play de Siemon, qui font partie des solutions avanc\u00e9es de c\u00e2blage en fibre optique et de LightVerse\u00ae, assurent la transition la plus simple et la plus transparente entre le duplex 10 Gb\/s et les applications actuelles et futures \u00e0 8 fibres jusqu'\u00e0 400 Gig.","og_url":"https:\/\/siemondev.wpenginepowered.com\/fr\/solutions\/fiber-systems\/base-8\/","og_site_name":"Siemon","article_publisher":"https:\/\/www.facebook.com\/siemoncabling","article_modified_time":"2025-04-11T02:46:51+00:00","og_image":[{"width":800,"height":600,"url":"https:\/\/siemondev.wpenginepowered.com\/wp-content\/uploads\/Siemon_Solutions_Fiber_base-8_Feature.png","type":"image\/png"}],"twitter_card":"summary_large_image","twitter_site":"@siemon","twitter_misc":{"Dur\u00e9e de lecture estim\u00e9e":"1 minute"},"schema":{"@context":"https:\/\/schema.org","@graph":[{"@type":"WebPage","@id":"https:\/\/siemondev.wpenginepowered.com\/fr\/solutions\/fiber-systems\/base-8\/","url":"https:\/\/siemondev.wpenginepowered.com\/fr\/solutions\/fiber-systems\/base-8\/","name":"Base-8 - Siemon","isPartOf":{"@id":"https:\/\/siemondev.wpenginepowered.com\/fr\/#website"},"primaryImageOfPage":{"@id":"https:\/\/siemondev.wpenginepowered.com\/fr\/solutions\/fiber-systems\/base-8\/#primaryimage"},"image":{"@id":"https:\/\/siemondev.wpenginepowered.com\/fr\/solutions\/fiber-systems\/base-8\/#primaryimage"},"thumbnailUrl":"https:\/\/siemondev.wpenginepowered.com\/wp-content\/uploads\/Siemon_Solutions_Fiber_base-8_Feature.png","datePublished":"2024-04-24T00:55:29+00:00","dateModified":"2025-04-11T02:46:51+00:00","description":"SiemonLes syst\u00e8mes de fibre optique Base-8 Plug and Play de Siemon, qui font partie des solutions avanc\u00e9es de c\u00e2blage en fibre optique et de LightVerse\u00ae, assurent la transition la plus simple et la plus transparente entre le duplex 10 Gb\/s et les applications actuelles et futures \u00e0 8 fibres jusqu'\u00e0 400 Gig.","breadcrumb":{"@id":"https:\/\/siemondev.wpenginepowered.com\/fr\/solutions\/fiber-systems\/base-8\/#breadcrumb"},"inLanguage":"fr-FR","potentialAction":[{"@type":"ReadAction","target":["https:\/\/siemondev.wpenginepowered.com\/fr\/solutions\/fiber-systems\/base-8\/"]}]},{"@type":"ImageObject","inLanguage":"fr-FR","@id":"https:\/\/siemondev.wpenginepowered.com\/fr\/solutions\/fiber-systems\/base-8\/#primaryimage","url":"https:\/\/siemondev.wpenginepowered.com\/wp-content\/uploads\/Siemon_Solutions_Fiber_base-8_Feature.png","contentUrl":"https:\/\/siemondev.wpenginepowered.com\/wp-content\/uploads\/Siemon_Solutions_Fiber_base-8_Feature.png","width":800,"height":600,"caption":"Base-8 Feature"},{"@type":"BreadcrumbList","@id":"https:\/\/siemondev.wpenginepowered.com\/fr\/solutions\/fiber-systems\/base-8\/#breadcrumb","itemListElement":[{"@type":"ListItem","position":1,"name":"Home","item":"https:\/\/siemondev.wpenginepowered.com\/fr\/"},{"@type":"ListItem","position":2,"name":"Solutions","item":"https:\/\/siemondev.wpenginepowered.com\/fr\/solutions\/"},{"@type":"ListItem","position":3,"name":"Syst\u00e8mes \u00e0 fibres optiques","item":"https:\/\/siemondev.wpenginepowered.com\/fr\/solutions\/fiber-systems\/"},{"@type":"ListItem","position":4,"name":"Base-8"}]},{"@type":"WebSite","@id":"https:\/\/siemondev.wpenginepowered.com\/fr\/#website","url":"https:\/\/siemondev.wpenginepowered.com\/fr\/","name":"Siemon","description":"","publisher":{"@id":"https:\/\/siemondev.wpenginepowered.com\/fr\/#organization"},"potentialAction":[{"@type":"SearchAction","target":{"@type":"EntryPoint","urlTemplate":"https:\/\/siemondev.wpenginepowered.com\/fr\/?s={search_term_string}"},"query-input":{"@type":"PropertyValueSpecification","valueRequired":true,"valueName":"search_term_string"}}],"inLanguage":"fr-FR"},{"@type":"Organization","@id":"https:\/\/siemondev.wpenginepowered.com\/fr\/#organization","name":"Siemon","url":"https:\/\/siemondev.wpenginepowered.com\/fr\/","logo":{"@type":"ImageObject","inLanguage":"fr-FR","@id":"https:\/\/siemondev.wpenginepowered.com\/fr\/#\/schema\/logo\/image\/","url":"https:\/\/siemondev.wpenginepowered.com\/wp-content\/uploads\/Siemon_Logo-1.jpg","contentUrl":"https:\/\/siemondev.wpenginepowered.com\/wp-content\/uploads\/Siemon_Logo-1.jpg","width":1800,"height":500,"caption":"Siemon"},"image":{"@id":"https:\/\/siemondev.wpenginepowered.com\/fr\/#\/schema\/logo\/image\/"},"sameAs":["https:\/\/www.facebook.com\/siemoncabling","https:\/\/x.com\/siemon","https:\/\/www.youtube.com\/user\/SiemonNetworkCabling","https:\/\/www.linkedin.com\/company\/the-siemon-company\/","https:\/\/www.instagram.com\/siemon_company\/"]}]}},"_links":{"self":[{"href":"https:\/\/siemondev.wpenginepowered.com\/fr\/wp-json\/wp\/v2\/pages\/23035","targetHints":{"allow":["GET"]}}],"collection":[{"href":"https:\/\/siemondev.wpenginepowered.com\/fr\/wp-json\/wp\/v2\/pages"}],"about":[{"href":"https:\/\/siemondev.wpenginepowered.com\/fr\/wp-json\/wp\/v2\/types\/page"}],"author":[{"embeddable":true,"href":"https:\/\/siemondev.wpenginepowered.com\/fr\/wp-json\/wp\/v2\/users\/2"}],"replies":[{"embeddable":true,"href":"https:\/\/siemondev.wpenginepowered.com\/fr\/wp-json\/wp\/v2\/comments?post=23035"}],"version-history":[{"count":0,"href":"https:\/\/siemondev.wpenginepowered.com\/fr\/wp-json\/wp\/v2\/pages\/23035\/revisions"}],"up":[{"embeddable":true,"href":"https:\/\/siemondev.wpenginepowered.com\/fr\/wp-json\/wp\/v2\/pages\/23036"}],"wp:featuredmedia":[{"embeddable":true,"href":"https:\/\/siemondev.wpenginepowered.com\/fr\/wp-json\/wp\/v2\/media\/10887"}],"wp:attachment":[{"href":"https:\/\/siemondev.wpenginepowered.com\/fr\/wp-json\/wp\/v2\/media?parent=23035"}],"curies":[{"name":"wp","href":"https:\/\/api.w.org\/{rel}","templated":true}]}}