{"id":23025,"date":"2024-04-24T01:16:50","date_gmt":"2024-04-24T01:16:50","guid":{"rendered":"https:\/\/www.siemon.com\/solutions\/baies-et-gestion-des-cables\/"},"modified":"2025-04-11T02:40:58","modified_gmt":"2025-04-11T02:40:58","slug":"racks-and-cable-management","status":"publish","type":"page","link":"https:\/\/siemondev.wpenginepowered.com\/fr\/solutions\/racks-and-cable-management\/","title":{"rendered":"Baies et gestion des c\u00e2bles"},"content":{"rendered":"","protected":false},"excerpt":{"rendered":"","protected":false},"author":2,"featured_media":11064,"parent":21434,"menu_order":7,"comment_status":"closed","ping_status":"closed","template":"","meta":{"_acf_changed":false,"inline_featured_image":false,"footnotes":""},"class_list":["post-23025","page","type-page","status-publish","has-post-thumbnail","hentry"],"acf":[],"yoast_head":"<!-- This site is optimized with the Yoast SEO Premium plugin v26.2 (Yoast SEO v26.9) - https:\/\/yoast.com\/product\/yoast-seo-premium-wordpress\/ -->\n<title>Racks et gestion des c\u00e2bles : Organiser votre infrastructure informatique<\/title>\n<meta name=\"description\" content=\"Tirez le meilleur parti de votre espace de travail gr\u00e2ce \u00e0 des racks et \u00e0 une gestion des c\u00e2bles appropri\u00e9s. D\u00e9couvrez comment organiser vos c\u00e2bles et faciliter l&#039;acc\u00e8s \u00e0 votre \u00e9quipement.\" \/>\n<meta name=\"robots\" content=\"index, follow, max-snippet:-1, max-image-preview:large, max-video-preview:-1\" \/>\n<link rel=\"canonical\" href=\"https:\/\/siemondev.wpenginepowered.com\/fr\/solutions\/racks-and-cable-management\/\" \/>\n<meta property=\"og:locale\" content=\"fr_FR\" \/>\n<meta property=\"og:type\" content=\"article\" \/>\n<meta property=\"og:title\" content=\"Baies et gestion des c\u00e2bles\" \/>\n<meta property=\"og:description\" content=\"Tirez le meilleur parti de votre espace de travail gr\u00e2ce \u00e0 des racks et \u00e0 une gestion des c\u00e2bles appropri\u00e9s. D\u00e9couvrez comment organiser vos c\u00e2bles et faciliter l&#039;acc\u00e8s \u00e0 votre \u00e9quipement.\" \/>\n<meta property=\"og:url\" content=\"https:\/\/siemondev.wpenginepowered.com\/fr\/solutions\/racks-and-cable-management\/\" \/>\n<meta property=\"og:site_name\" content=\"Siemon\" \/>\n<meta property=\"article:publisher\" content=\"https:\/\/www.facebook.com\/siemoncabling\" \/>\n<meta property=\"article:modified_time\" content=\"2025-04-11T02:40:58+00:00\" \/>\n<meta property=\"og:image\" content=\"https:\/\/siemondev.wpenginepowered.com\/wp-content\/uploads\/Siemon_Solution_Racks-Cable-Management_Featured.jpg\" \/>\n\t<meta property=\"og:image:width\" content=\"800\" \/>\n\t<meta property=\"og:image:height\" content=\"500\" \/>\n\t<meta property=\"og:image:type\" content=\"image\/jpeg\" \/>\n<meta name=\"twitter:card\" content=\"summary_large_image\" \/>\n<meta name=\"twitter:site\" content=\"@siemon\" \/>\n<meta name=\"twitter:label1\" content=\"Dur\u00e9e de lecture estim\u00e9e\" \/>\n\t<meta name=\"twitter:data1\" content=\"1 minute\" \/>\n<script type=\"application\/ld+json\" class=\"yoast-schema-graph\">{\"@context\":\"https:\/\/schema.org\",\"@graph\":[{\"@type\":\"WebPage\",\"@id\":\"https:\/\/siemondev.wpenginepowered.com\/fr\/solutions\/racks-and-cable-management\/\",\"url\":\"https:\/\/siemondev.wpenginepowered.com\/fr\/solutions\/racks-and-cable-management\/\",\"name\":\"Racks et gestion des c\u00e2bles : Organiser votre infrastructure informatique\",\"isPartOf\":{\"@id\":\"https:\/\/siemondev.wpenginepowered.com\/fr\/#website\"},\"primaryImageOfPage\":{\"@id\":\"https:\/\/siemondev.wpenginepowered.com\/fr\/solutions\/racks-and-cable-management\/#primaryimage\"},\"image\":{\"@id\":\"https:\/\/siemondev.wpenginepowered.com\/fr\/solutions\/racks-and-cable-management\/#primaryimage\"},\"thumbnailUrl\":\"https:\/\/siemondev.wpenginepowered.com\/wp-content\/uploads\/Siemon_Solution_Racks-Cable-Management_Featured.jpg\",\"datePublished\":\"2024-04-24T01:16:50+00:00\",\"dateModified\":\"2025-04-11T02:40:58+00:00\",\"description\":\"Tirez le meilleur parti de votre espace de travail gr\u00e2ce \u00e0 des racks et \u00e0 une gestion des c\u00e2bles appropri\u00e9s. D\u00e9couvrez comment organiser vos c\u00e2bles et faciliter l'acc\u00e8s \u00e0 votre \u00e9quipement.\",\"breadcrumb\":{\"@id\":\"https:\/\/siemondev.wpenginepowered.com\/fr\/solutions\/racks-and-cable-management\/#breadcrumb\"},\"inLanguage\":\"fr-FR\",\"potentialAction\":[{\"@type\":\"ReadAction\",\"target\":[\"https:\/\/siemondev.wpenginepowered.com\/fr\/solutions\/racks-and-cable-management\/\"]}]},{\"@type\":\"ImageObject\",\"inLanguage\":\"fr-FR\",\"@id\":\"https:\/\/siemondev.wpenginepowered.com\/fr\/solutions\/racks-and-cable-management\/#primaryimage\",\"url\":\"https:\/\/siemondev.wpenginepowered.com\/wp-content\/uploads\/Siemon_Solution_Racks-Cable-Management_Featured.jpg\",\"contentUrl\":\"https:\/\/siemondev.wpenginepowered.com\/wp-content\/uploads\/Siemon_Solution_Racks-Cable-Management_Featured.jpg\",\"width\":800,\"height\":500,\"caption\":\"Racks-Cable-Management Feature\"},{\"@type\":\"BreadcrumbList\",\"@id\":\"https:\/\/siemondev.wpenginepowered.com\/fr\/solutions\/racks-and-cable-management\/#breadcrumb\",\"itemListElement\":[{\"@type\":\"ListItem\",\"position\":1,\"name\":\"Home\",\"item\":\"https:\/\/siemondev.wpenginepowered.com\/fr\/\"},{\"@type\":\"ListItem\",\"position\":2,\"name\":\"Solutions\",\"item\":\"https:\/\/siemondev.wpenginepowered.com\/fr\/solutions\/\"},{\"@type\":\"ListItem\",\"position\":3,\"name\":\"Baies et gestion des c\u00e2bles\"}]},{\"@type\":\"WebSite\",\"@id\":\"https:\/\/siemondev.wpenginepowered.com\/fr\/#website\",\"url\":\"https:\/\/siemondev.wpenginepowered.com\/fr\/\",\"name\":\"Siemon\",\"description\":\"\",\"publisher\":{\"@id\":\"https:\/\/siemondev.wpenginepowered.com\/fr\/#organization\"},\"potentialAction\":[{\"@type\":\"SearchAction\",\"target\":{\"@type\":\"EntryPoint\",\"urlTemplate\":\"https:\/\/siemondev.wpenginepowered.com\/fr\/?s={search_term_string}\"},\"query-input\":{\"@type\":\"PropertyValueSpecification\",\"valueRequired\":true,\"valueName\":\"search_term_string\"}}],\"inLanguage\":\"fr-FR\"},{\"@type\":\"Organization\",\"@id\":\"https:\/\/siemondev.wpenginepowered.com\/fr\/#organization\",\"name\":\"Siemon\",\"url\":\"https:\/\/siemondev.wpenginepowered.com\/fr\/\",\"logo\":{\"@type\":\"ImageObject\",\"inLanguage\":\"fr-FR\",\"@id\":\"https:\/\/siemondev.wpenginepowered.com\/fr\/#\/schema\/logo\/image\/\",\"url\":\"https:\/\/siemondev.wpenginepowered.com\/wp-content\/uploads\/Siemon_Logo-1.jpg\",\"contentUrl\":\"https:\/\/siemondev.wpenginepowered.com\/wp-content\/uploads\/Siemon_Logo-1.jpg\",\"width\":1800,\"height\":500,\"caption\":\"Siemon\"},\"image\":{\"@id\":\"https:\/\/siemondev.wpenginepowered.com\/fr\/#\/schema\/logo\/image\/\"},\"sameAs\":[\"https:\/\/www.facebook.com\/siemoncabling\",\"https:\/\/x.com\/siemon\",\"https:\/\/www.youtube.com\/user\/SiemonNetworkCabling\",\"https:\/\/www.linkedin.com\/company\/the-siemon-company\/\",\"https:\/\/www.instagram.com\/siemon_company\/\"]}]}<\/script>\n<!-- \/ Yoast SEO Premium plugin. -->","yoast_head_json":{"title":"Racks et gestion des c\u00e2bles : Organiser votre infrastructure informatique","description":"Tirez le meilleur parti de votre espace de travail gr\u00e2ce \u00e0 des racks et \u00e0 une gestion des c\u00e2bles appropri\u00e9s. D\u00e9couvrez comment organiser vos c\u00e2bles et faciliter l'acc\u00e8s \u00e0 votre \u00e9quipement.","robots":{"index":"index","follow":"follow","max-snippet":"max-snippet:-1","max-image-preview":"max-image-preview:large","max-video-preview":"max-video-preview:-1"},"canonical":"https:\/\/siemondev.wpenginepowered.com\/fr\/solutions\/racks-and-cable-management\/","og_locale":"fr_FR","og_type":"article","og_title":"Baies et gestion des c\u00e2bles","og_description":"Tirez le meilleur parti de votre espace de travail gr\u00e2ce \u00e0 des racks et \u00e0 une gestion des c\u00e2bles appropri\u00e9s. D\u00e9couvrez comment organiser vos c\u00e2bles et faciliter l'acc\u00e8s \u00e0 votre \u00e9quipement.","og_url":"https:\/\/siemondev.wpenginepowered.com\/fr\/solutions\/racks-and-cable-management\/","og_site_name":"Siemon","article_publisher":"https:\/\/www.facebook.com\/siemoncabling","article_modified_time":"2025-04-11T02:40:58+00:00","og_image":[{"width":800,"height":500,"url":"https:\/\/siemondev.wpenginepowered.com\/wp-content\/uploads\/Siemon_Solution_Racks-Cable-Management_Featured.jpg","type":"image\/jpeg"}],"twitter_card":"summary_large_image","twitter_site":"@siemon","twitter_misc":{"Dur\u00e9e de lecture estim\u00e9e":"1 minute"},"schema":{"@context":"https:\/\/schema.org","@graph":[{"@type":"WebPage","@id":"https:\/\/siemondev.wpenginepowered.com\/fr\/solutions\/racks-and-cable-management\/","url":"https:\/\/siemondev.wpenginepowered.com\/fr\/solutions\/racks-and-cable-management\/","name":"Racks et gestion des c\u00e2bles : Organiser votre infrastructure informatique","isPartOf":{"@id":"https:\/\/siemondev.wpenginepowered.com\/fr\/#website"},"primaryImageOfPage":{"@id":"https:\/\/siemondev.wpenginepowered.com\/fr\/solutions\/racks-and-cable-management\/#primaryimage"},"image":{"@id":"https:\/\/siemondev.wpenginepowered.com\/fr\/solutions\/racks-and-cable-management\/#primaryimage"},"thumbnailUrl":"https:\/\/siemondev.wpenginepowered.com\/wp-content\/uploads\/Siemon_Solution_Racks-Cable-Management_Featured.jpg","datePublished":"2024-04-24T01:16:50+00:00","dateModified":"2025-04-11T02:40:58+00:00","description":"Tirez le meilleur parti de votre espace de travail gr\u00e2ce \u00e0 des racks et \u00e0 une gestion des c\u00e2bles appropri\u00e9s. D\u00e9couvrez comment organiser vos c\u00e2bles et faciliter l'acc\u00e8s \u00e0 votre \u00e9quipement.","breadcrumb":{"@id":"https:\/\/siemondev.wpenginepowered.com\/fr\/solutions\/racks-and-cable-management\/#breadcrumb"},"inLanguage":"fr-FR","potentialAction":[{"@type":"ReadAction","target":["https:\/\/siemondev.wpenginepowered.com\/fr\/solutions\/racks-and-cable-management\/"]}]},{"@type":"ImageObject","inLanguage":"fr-FR","@id":"https:\/\/siemondev.wpenginepowered.com\/fr\/solutions\/racks-and-cable-management\/#primaryimage","url":"https:\/\/siemondev.wpenginepowered.com\/wp-content\/uploads\/Siemon_Solution_Racks-Cable-Management_Featured.jpg","contentUrl":"https:\/\/siemondev.wpenginepowered.com\/wp-content\/uploads\/Siemon_Solution_Racks-Cable-Management_Featured.jpg","width":800,"height":500,"caption":"Racks-Cable-Management Feature"},{"@type":"BreadcrumbList","@id":"https:\/\/siemondev.wpenginepowered.com\/fr\/solutions\/racks-and-cable-management\/#breadcrumb","itemListElement":[{"@type":"ListItem","position":1,"name":"Home","item":"https:\/\/siemondev.wpenginepowered.com\/fr\/"},{"@type":"ListItem","position":2,"name":"Solutions","item":"https:\/\/siemondev.wpenginepowered.com\/fr\/solutions\/"},{"@type":"ListItem","position":3,"name":"Baies et gestion des c\u00e2bles"}]},{"@type":"WebSite","@id":"https:\/\/siemondev.wpenginepowered.com\/fr\/#website","url":"https:\/\/siemondev.wpenginepowered.com\/fr\/","name":"Siemon","description":"","publisher":{"@id":"https:\/\/siemondev.wpenginepowered.com\/fr\/#organization"},"potentialAction":[{"@type":"SearchAction","target":{"@type":"EntryPoint","urlTemplate":"https:\/\/siemondev.wpenginepowered.com\/fr\/?s={search_term_string}"},"query-input":{"@type":"PropertyValueSpecification","valueRequired":true,"valueName":"search_term_string"}}],"inLanguage":"fr-FR"},{"@type":"Organization","@id":"https:\/\/siemondev.wpenginepowered.com\/fr\/#organization","name":"Siemon","url":"https:\/\/siemondev.wpenginepowered.com\/fr\/","logo":{"@type":"ImageObject","inLanguage":"fr-FR","@id":"https:\/\/siemondev.wpenginepowered.com\/fr\/#\/schema\/logo\/image\/","url":"https:\/\/siemondev.wpenginepowered.com\/wp-content\/uploads\/Siemon_Logo-1.jpg","contentUrl":"https:\/\/siemondev.wpenginepowered.com\/wp-content\/uploads\/Siemon_Logo-1.jpg","width":1800,"height":500,"caption":"Siemon"},"image":{"@id":"https:\/\/siemondev.wpenginepowered.com\/fr\/#\/schema\/logo\/image\/"},"sameAs":["https:\/\/www.facebook.com\/siemoncabling","https:\/\/x.com\/siemon","https:\/\/www.youtube.com\/user\/SiemonNetworkCabling","https:\/\/www.linkedin.com\/company\/the-siemon-company\/","https:\/\/www.instagram.com\/siemon_company\/"]}]}},"_links":{"self":[{"href":"https:\/\/siemondev.wpenginepowered.com\/fr\/wp-json\/wp\/v2\/pages\/23025","targetHints":{"allow":["GET"]}}],"collection":[{"href":"https:\/\/siemondev.wpenginepowered.com\/fr\/wp-json\/wp\/v2\/pages"}],"about":[{"href":"https:\/\/siemondev.wpenginepowered.com\/fr\/wp-json\/wp\/v2\/types\/page"}],"author":[{"embeddable":true,"href":"https:\/\/siemondev.wpenginepowered.com\/fr\/wp-json\/wp\/v2\/users\/2"}],"replies":[{"embeddable":true,"href":"https:\/\/siemondev.wpenginepowered.com\/fr\/wp-json\/wp\/v2\/comments?post=23025"}],"version-history":[{"count":0,"href":"https:\/\/siemondev.wpenginepowered.com\/fr\/wp-json\/wp\/v2\/pages\/23025\/revisions"}],"up":[{"embeddable":true,"href":"https:\/\/siemondev.wpenginepowered.com\/fr\/wp-json\/wp\/v2\/pages\/21434"}],"wp:featuredmedia":[{"embeddable":true,"href":"https:\/\/siemondev.wpenginepowered.com\/fr\/wp-json\/wp\/v2\/media\/11064"}],"wp:attachment":[{"href":"https:\/\/siemondev.wpenginepowered.com\/fr\/wp-json\/wp\/v2\/media?parent=23025"}],"curies":[{"name":"wp","href":"https:\/\/api.w.org\/{rel}","templated":true}]}}