{"id":23020,"date":"2024-04-24T15:33:44","date_gmt":"2024-04-24T15:33:44","guid":{"rendered":"https:\/\/www.siemon.com\/solutions\/enceintes\/"},"modified":"2025-04-11T02:40:14","modified_gmt":"2025-04-11T02:40:14","slug":"enclosures","status":"publish","type":"page","link":"https:\/\/siemondev.wpenginepowered.com\/fr\/solutions\/enclosures\/","title":{"rendered":"Enceintes"},"content":{"rendered":"","protected":false},"excerpt":{"rendered":"","protected":false},"author":2,"featured_media":11076,"parent":21434,"menu_order":5,"comment_status":"closed","ping_status":"closed","template":"","meta":{"_acf_changed":false,"inline_featured_image":false,"footnotes":""},"class_list":["post-23020","page","type-page","status-publish","has-post-thumbnail","hentry"],"acf":[],"yoast_head":"<!-- This site is optimized with the Yoast SEO Premium plugin v26.2 (Yoast SEO v26.9) - https:\/\/yoast.com\/product\/yoast-seo-premium-wordpress\/ -->\n<title>Siemon Les bo\u00eetiers : La cl\u00e9 des r\u00e9seaux organis\u00e9s et efficaces<\/title>\n<meta name=\"description\" content=\"Trouvez le bo\u00eetier Siemon id\u00e9al pour vos besoins en mati\u00e8re de r\u00e9seau. Nos solutions fiables et durables assurent une protection et une organisation efficaces de votre \u00e9quipement.\" \/>\n<meta name=\"robots\" content=\"index, follow, max-snippet:-1, max-image-preview:large, max-video-preview:-1\" \/>\n<link rel=\"canonical\" href=\"https:\/\/siemondev.wpenginepowered.com\/fr\/solutions\/enclosures\/\" \/>\n<meta property=\"og:locale\" content=\"fr_FR\" \/>\n<meta property=\"og:type\" content=\"article\" \/>\n<meta property=\"og:title\" content=\"Enceintes\" \/>\n<meta property=\"og:description\" content=\"Trouvez le bo\u00eetier Siemon id\u00e9al pour vos besoins en mati\u00e8re de r\u00e9seau. Nos solutions fiables et durables assurent une protection et une organisation efficaces de votre \u00e9quipement.\" \/>\n<meta property=\"og:url\" content=\"https:\/\/siemondev.wpenginepowered.com\/fr\/solutions\/enclosures\/\" \/>\n<meta property=\"og:site_name\" content=\"Siemon\" \/>\n<meta property=\"article:publisher\" content=\"https:\/\/www.facebook.com\/siemoncabling\" \/>\n<meta property=\"article:modified_time\" content=\"2025-04-11T02:40:14+00:00\" \/>\n<meta property=\"og:image\" content=\"https:\/\/siemondev.wpenginepowered.com\/wp-content\/uploads\/Siemon_Solution_Enclosures_Featured.jpg\" \/>\n\t<meta property=\"og:image:width\" content=\"800\" \/>\n\t<meta property=\"og:image:height\" content=\"500\" \/>\n\t<meta property=\"og:image:type\" content=\"image\/jpeg\" \/>\n<meta name=\"twitter:card\" content=\"summary_large_image\" \/>\n<meta name=\"twitter:site\" content=\"@siemon\" \/>\n<meta name=\"twitter:label1\" content=\"Dur\u00e9e de lecture estim\u00e9e\" \/>\n\t<meta name=\"twitter:data1\" content=\"1 minute\" \/>\n<script type=\"application\/ld+json\" class=\"yoast-schema-graph\">{\"@context\":\"https:\/\/schema.org\",\"@graph\":[{\"@type\":\"WebPage\",\"@id\":\"https:\/\/siemondev.wpenginepowered.com\/fr\/solutions\/enclosures\/\",\"url\":\"https:\/\/siemondev.wpenginepowered.com\/fr\/solutions\/enclosures\/\",\"name\":\"Siemon Les bo\u00eetiers : La cl\u00e9 des r\u00e9seaux organis\u00e9s et efficaces\",\"isPartOf\":{\"@id\":\"https:\/\/siemondev.wpenginepowered.com\/fr\/#website\"},\"primaryImageOfPage\":{\"@id\":\"https:\/\/siemondev.wpenginepowered.com\/fr\/solutions\/enclosures\/#primaryimage\"},\"image\":{\"@id\":\"https:\/\/siemondev.wpenginepowered.com\/fr\/solutions\/enclosures\/#primaryimage\"},\"thumbnailUrl\":\"https:\/\/siemondev.wpenginepowered.com\/wp-content\/uploads\/Siemon_Solution_Enclosures_Featured.jpg\",\"datePublished\":\"2024-04-24T15:33:44+00:00\",\"dateModified\":\"2025-04-11T02:40:14+00:00\",\"description\":\"Trouvez le bo\u00eetier Siemon id\u00e9al pour vos besoins en mati\u00e8re de r\u00e9seau. Nos solutions fiables et durables assurent une protection et une organisation efficaces de votre \u00e9quipement.\",\"breadcrumb\":{\"@id\":\"https:\/\/siemondev.wpenginepowered.com\/fr\/solutions\/enclosures\/#breadcrumb\"},\"inLanguage\":\"fr-FR\",\"potentialAction\":[{\"@type\":\"ReadAction\",\"target\":[\"https:\/\/siemondev.wpenginepowered.com\/fr\/solutions\/enclosures\/\"]}]},{\"@type\":\"ImageObject\",\"inLanguage\":\"fr-FR\",\"@id\":\"https:\/\/siemondev.wpenginepowered.com\/fr\/solutions\/enclosures\/#primaryimage\",\"url\":\"https:\/\/siemondev.wpenginepowered.com\/wp-content\/uploads\/Siemon_Solution_Enclosures_Featured.jpg\",\"contentUrl\":\"https:\/\/siemondev.wpenginepowered.com\/wp-content\/uploads\/Siemon_Solution_Enclosures_Featured.jpg\",\"width\":800,\"height\":500,\"caption\":\"Enclosures_Featured\"},{\"@type\":\"BreadcrumbList\",\"@id\":\"https:\/\/siemondev.wpenginepowered.com\/fr\/solutions\/enclosures\/#breadcrumb\",\"itemListElement\":[{\"@type\":\"ListItem\",\"position\":1,\"name\":\"Home\",\"item\":\"https:\/\/siemondev.wpenginepowered.com\/fr\/\"},{\"@type\":\"ListItem\",\"position\":2,\"name\":\"Solutions\",\"item\":\"https:\/\/siemondev.wpenginepowered.com\/fr\/solutions\/\"},{\"@type\":\"ListItem\",\"position\":3,\"name\":\"Enceintes\"}]},{\"@type\":\"WebSite\",\"@id\":\"https:\/\/siemondev.wpenginepowered.com\/fr\/#website\",\"url\":\"https:\/\/siemondev.wpenginepowered.com\/fr\/\",\"name\":\"Siemon\",\"description\":\"\",\"publisher\":{\"@id\":\"https:\/\/siemondev.wpenginepowered.com\/fr\/#organization\"},\"potentialAction\":[{\"@type\":\"SearchAction\",\"target\":{\"@type\":\"EntryPoint\",\"urlTemplate\":\"https:\/\/siemondev.wpenginepowered.com\/fr\/?s={search_term_string}\"},\"query-input\":{\"@type\":\"PropertyValueSpecification\",\"valueRequired\":true,\"valueName\":\"search_term_string\"}}],\"inLanguage\":\"fr-FR\"},{\"@type\":\"Organization\",\"@id\":\"https:\/\/siemondev.wpenginepowered.com\/fr\/#organization\",\"name\":\"Siemon\",\"url\":\"https:\/\/siemondev.wpenginepowered.com\/fr\/\",\"logo\":{\"@type\":\"ImageObject\",\"inLanguage\":\"fr-FR\",\"@id\":\"https:\/\/siemondev.wpenginepowered.com\/fr\/#\/schema\/logo\/image\/\",\"url\":\"https:\/\/siemondev.wpenginepowered.com\/wp-content\/uploads\/Siemon_Logo-1.jpg\",\"contentUrl\":\"https:\/\/siemondev.wpenginepowered.com\/wp-content\/uploads\/Siemon_Logo-1.jpg\",\"width\":1800,\"height\":500,\"caption\":\"Siemon\"},\"image\":{\"@id\":\"https:\/\/siemondev.wpenginepowered.com\/fr\/#\/schema\/logo\/image\/\"},\"sameAs\":[\"https:\/\/www.facebook.com\/siemoncabling\",\"https:\/\/x.com\/siemon\",\"https:\/\/www.youtube.com\/user\/SiemonNetworkCabling\",\"https:\/\/www.linkedin.com\/company\/the-siemon-company\/\",\"https:\/\/www.instagram.com\/siemon_company\/\"]}]}<\/script>\n<!-- \/ Yoast SEO Premium plugin. -->","yoast_head_json":{"title":"Siemon Les bo\u00eetiers : La cl\u00e9 des r\u00e9seaux organis\u00e9s et efficaces","description":"Trouvez le bo\u00eetier Siemon id\u00e9al pour vos besoins en mati\u00e8re de r\u00e9seau. Nos solutions fiables et durables assurent une protection et une organisation efficaces de votre \u00e9quipement.","robots":{"index":"index","follow":"follow","max-snippet":"max-snippet:-1","max-image-preview":"max-image-preview:large","max-video-preview":"max-video-preview:-1"},"canonical":"https:\/\/siemondev.wpenginepowered.com\/fr\/solutions\/enclosures\/","og_locale":"fr_FR","og_type":"article","og_title":"Enceintes","og_description":"Trouvez le bo\u00eetier Siemon id\u00e9al pour vos besoins en mati\u00e8re de r\u00e9seau. Nos solutions fiables et durables assurent une protection et une organisation efficaces de votre \u00e9quipement.","og_url":"https:\/\/siemondev.wpenginepowered.com\/fr\/solutions\/enclosures\/","og_site_name":"Siemon","article_publisher":"https:\/\/www.facebook.com\/siemoncabling","article_modified_time":"2025-04-11T02:40:14+00:00","og_image":[{"width":800,"height":500,"url":"https:\/\/siemondev.wpenginepowered.com\/wp-content\/uploads\/Siemon_Solution_Enclosures_Featured.jpg","type":"image\/jpeg"}],"twitter_card":"summary_large_image","twitter_site":"@siemon","twitter_misc":{"Dur\u00e9e de lecture estim\u00e9e":"1 minute"},"schema":{"@context":"https:\/\/schema.org","@graph":[{"@type":"WebPage","@id":"https:\/\/siemondev.wpenginepowered.com\/fr\/solutions\/enclosures\/","url":"https:\/\/siemondev.wpenginepowered.com\/fr\/solutions\/enclosures\/","name":"Siemon Les bo\u00eetiers : La cl\u00e9 des r\u00e9seaux organis\u00e9s et efficaces","isPartOf":{"@id":"https:\/\/siemondev.wpenginepowered.com\/fr\/#website"},"primaryImageOfPage":{"@id":"https:\/\/siemondev.wpenginepowered.com\/fr\/solutions\/enclosures\/#primaryimage"},"image":{"@id":"https:\/\/siemondev.wpenginepowered.com\/fr\/solutions\/enclosures\/#primaryimage"},"thumbnailUrl":"https:\/\/siemondev.wpenginepowered.com\/wp-content\/uploads\/Siemon_Solution_Enclosures_Featured.jpg","datePublished":"2024-04-24T15:33:44+00:00","dateModified":"2025-04-11T02:40:14+00:00","description":"Trouvez le bo\u00eetier Siemon id\u00e9al pour vos besoins en mati\u00e8re de r\u00e9seau. Nos solutions fiables et durables assurent une protection et une organisation efficaces de votre \u00e9quipement.","breadcrumb":{"@id":"https:\/\/siemondev.wpenginepowered.com\/fr\/solutions\/enclosures\/#breadcrumb"},"inLanguage":"fr-FR","potentialAction":[{"@type":"ReadAction","target":["https:\/\/siemondev.wpenginepowered.com\/fr\/solutions\/enclosures\/"]}]},{"@type":"ImageObject","inLanguage":"fr-FR","@id":"https:\/\/siemondev.wpenginepowered.com\/fr\/solutions\/enclosures\/#primaryimage","url":"https:\/\/siemondev.wpenginepowered.com\/wp-content\/uploads\/Siemon_Solution_Enclosures_Featured.jpg","contentUrl":"https:\/\/siemondev.wpenginepowered.com\/wp-content\/uploads\/Siemon_Solution_Enclosures_Featured.jpg","width":800,"height":500,"caption":"Enclosures_Featured"},{"@type":"BreadcrumbList","@id":"https:\/\/siemondev.wpenginepowered.com\/fr\/solutions\/enclosures\/#breadcrumb","itemListElement":[{"@type":"ListItem","position":1,"name":"Home","item":"https:\/\/siemondev.wpenginepowered.com\/fr\/"},{"@type":"ListItem","position":2,"name":"Solutions","item":"https:\/\/siemondev.wpenginepowered.com\/fr\/solutions\/"},{"@type":"ListItem","position":3,"name":"Enceintes"}]},{"@type":"WebSite","@id":"https:\/\/siemondev.wpenginepowered.com\/fr\/#website","url":"https:\/\/siemondev.wpenginepowered.com\/fr\/","name":"Siemon","description":"","publisher":{"@id":"https:\/\/siemondev.wpenginepowered.com\/fr\/#organization"},"potentialAction":[{"@type":"SearchAction","target":{"@type":"EntryPoint","urlTemplate":"https:\/\/siemondev.wpenginepowered.com\/fr\/?s={search_term_string}"},"query-input":{"@type":"PropertyValueSpecification","valueRequired":true,"valueName":"search_term_string"}}],"inLanguage":"fr-FR"},{"@type":"Organization","@id":"https:\/\/siemondev.wpenginepowered.com\/fr\/#organization","name":"Siemon","url":"https:\/\/siemondev.wpenginepowered.com\/fr\/","logo":{"@type":"ImageObject","inLanguage":"fr-FR","@id":"https:\/\/siemondev.wpenginepowered.com\/fr\/#\/schema\/logo\/image\/","url":"https:\/\/siemondev.wpenginepowered.com\/wp-content\/uploads\/Siemon_Logo-1.jpg","contentUrl":"https:\/\/siemondev.wpenginepowered.com\/wp-content\/uploads\/Siemon_Logo-1.jpg","width":1800,"height":500,"caption":"Siemon"},"image":{"@id":"https:\/\/siemondev.wpenginepowered.com\/fr\/#\/schema\/logo\/image\/"},"sameAs":["https:\/\/www.facebook.com\/siemoncabling","https:\/\/x.com\/siemon","https:\/\/www.youtube.com\/user\/SiemonNetworkCabling","https:\/\/www.linkedin.com\/company\/the-siemon-company\/","https:\/\/www.instagram.com\/siemon_company\/"]}]}},"_links":{"self":[{"href":"https:\/\/siemondev.wpenginepowered.com\/fr\/wp-json\/wp\/v2\/pages\/23020","targetHints":{"allow":["GET"]}}],"collection":[{"href":"https:\/\/siemondev.wpenginepowered.com\/fr\/wp-json\/wp\/v2\/pages"}],"about":[{"href":"https:\/\/siemondev.wpenginepowered.com\/fr\/wp-json\/wp\/v2\/types\/page"}],"author":[{"embeddable":true,"href":"https:\/\/siemondev.wpenginepowered.com\/fr\/wp-json\/wp\/v2\/users\/2"}],"replies":[{"embeddable":true,"href":"https:\/\/siemondev.wpenginepowered.com\/fr\/wp-json\/wp\/v2\/comments?post=23020"}],"version-history":[{"count":0,"href":"https:\/\/siemondev.wpenginepowered.com\/fr\/wp-json\/wp\/v2\/pages\/23020\/revisions"}],"up":[{"embeddable":true,"href":"https:\/\/siemondev.wpenginepowered.com\/fr\/wp-json\/wp\/v2\/pages\/21434"}],"wp:featuredmedia":[{"embeddable":true,"href":"https:\/\/siemondev.wpenginepowered.com\/fr\/wp-json\/wp\/v2\/media\/11076"}],"wp:attachment":[{"href":"https:\/\/siemondev.wpenginepowered.com\/fr\/wp-json\/wp\/v2\/media?parent=23020"}],"curies":[{"name":"wp","href":"https:\/\/api.w.org\/{rel}","templated":true}]}}