{"id":23019,"date":"2024-11-04T19:59:32","date_gmt":"2024-11-04T19:59:32","guid":{"rendered":"https:\/\/www.siemon.com\/liaisons-par-fibres-optiques\/"},"modified":"2025-04-11T02:46:08","modified_gmt":"2025-04-11T02:46:08","slug":"bundled-fiber-trunks","status":"publish","type":"page","link":"https:\/\/siemondev.wpenginepowered.com\/fr\/solutions\/fiber-systems\/bundled-fiber-trunks\/","title":{"rendered":"Liaisons par fibres optiques"},"content":{"rendered":"","protected":false},"excerpt":{"rendered":"","protected":false},"author":2,"featured_media":16640,"parent":23036,"menu_order":1,"comment_status":"closed","ping_status":"closed","template":"","meta":{"_acf_changed":false,"inline_featured_image":false,"footnotes":""},"class_list":["post-23019","page","type-page","status-publish","has-post-thumbnail","hentry"],"acf":[],"yoast_head":"<!-- This site is optimized with the Yoast SEO Premium plugin v26.2 (Yoast SEO v26.9) - https:\/\/yoast.com\/product\/yoast-seo-premium-wordpress\/ -->\n<title>Liaisons par fibres optiques - Siemon<\/title>\n<meta name=\"description\" content=\"Explorez les trunks de fibre optique group\u00e9s de Siemon pour des solutions de fibre optique haute performance et \u00e9volutives. Id\u00e9al pour les centres de donn\u00e9es, les campus et les r\u00e9seaux d&#039;entreprise.\" \/>\n<meta name=\"robots\" content=\"index, follow, max-snippet:-1, max-image-preview:large, max-video-preview:-1\" \/>\n<link rel=\"canonical\" href=\"https:\/\/siemondev.wpenginepowered.com\/fr\/solutions\/fiber-systems\/bundled-fiber-trunks\/\" \/>\n<meta property=\"og:locale\" content=\"fr_FR\" \/>\n<meta property=\"og:type\" content=\"article\" \/>\n<meta property=\"og:title\" content=\"Liaisons par fibres optiques\" \/>\n<meta property=\"og:description\" content=\"Explorez les trunks de fibre optique group\u00e9s de Siemon pour des solutions de fibre optique haute performance et \u00e9volutives. Id\u00e9al pour les centres de donn\u00e9es, les campus et les r\u00e9seaux d&#039;entreprise.\" \/>\n<meta property=\"og:url\" content=\"https:\/\/siemondev.wpenginepowered.com\/fr\/solutions\/fiber-systems\/bundled-fiber-trunks\/\" \/>\n<meta property=\"og:site_name\" content=\"Siemon\" \/>\n<meta property=\"article:publisher\" content=\"https:\/\/www.facebook.com\/siemoncabling\" \/>\n<meta property=\"article:modified_time\" content=\"2025-04-11T02:46:08+00:00\" \/>\n<meta property=\"og:image\" content=\"https:\/\/siemondev.wpenginepowered.com\/wp-content\/uploads\/Siemon_Solutions_Fiber_Bundled-Fiber_Feature.jpg\" \/>\n\t<meta property=\"og:image:width\" content=\"800\" \/>\n\t<meta property=\"og:image:height\" content=\"600\" \/>\n\t<meta property=\"og:image:type\" content=\"image\/jpeg\" \/>\n<meta name=\"twitter:card\" content=\"summary_large_image\" \/>\n<meta name=\"twitter:site\" content=\"@siemon\" \/>\n<meta name=\"twitter:label1\" content=\"Dur\u00e9e de lecture estim\u00e9e\" \/>\n\t<meta name=\"twitter:data1\" content=\"1 minute\" \/>\n<script type=\"application\/ld+json\" class=\"yoast-schema-graph\">{\"@context\":\"https:\/\/schema.org\",\"@graph\":[{\"@type\":\"WebPage\",\"@id\":\"https:\/\/siemondev.wpenginepowered.com\/fr\/solutions\/fiber-systems\/bundled-fiber-trunks\/\",\"url\":\"https:\/\/siemondev.wpenginepowered.com\/fr\/solutions\/fiber-systems\/bundled-fiber-trunks\/\",\"name\":\"Liaisons par fibres optiques - Siemon\",\"isPartOf\":{\"@id\":\"https:\/\/siemondev.wpenginepowered.com\/fr\/#website\"},\"primaryImageOfPage\":{\"@id\":\"https:\/\/siemondev.wpenginepowered.com\/fr\/solutions\/fiber-systems\/bundled-fiber-trunks\/#primaryimage\"},\"image\":{\"@id\":\"https:\/\/siemondev.wpenginepowered.com\/fr\/solutions\/fiber-systems\/bundled-fiber-trunks\/#primaryimage\"},\"thumbnailUrl\":\"https:\/\/siemondev.wpenginepowered.com\/wp-content\/uploads\/Siemon_Solutions_Fiber_Bundled-Fiber_Feature.jpg\",\"datePublished\":\"2024-11-04T19:59:32+00:00\",\"dateModified\":\"2025-04-11T02:46:08+00:00\",\"description\":\"Explorez les trunks de fibre optique group\u00e9s de Siemon pour des solutions de fibre optique haute performance et \u00e9volutives. Id\u00e9al pour les centres de donn\u00e9es, les campus et les r\u00e9seaux d'entreprise.\",\"breadcrumb\":{\"@id\":\"https:\/\/siemondev.wpenginepowered.com\/fr\/solutions\/fiber-systems\/bundled-fiber-trunks\/#breadcrumb\"},\"inLanguage\":\"fr-FR\",\"potentialAction\":[{\"@type\":\"ReadAction\",\"target\":[\"https:\/\/siemondev.wpenginepowered.com\/fr\/solutions\/fiber-systems\/bundled-fiber-trunks\/\"]}]},{\"@type\":\"ImageObject\",\"inLanguage\":\"fr-FR\",\"@id\":\"https:\/\/siemondev.wpenginepowered.com\/fr\/solutions\/fiber-systems\/bundled-fiber-trunks\/#primaryimage\",\"url\":\"https:\/\/siemondev.wpenginepowered.com\/wp-content\/uploads\/Siemon_Solutions_Fiber_Bundled-Fiber_Feature.jpg\",\"contentUrl\":\"https:\/\/siemondev.wpenginepowered.com\/wp-content\/uploads\/Siemon_Solutions_Fiber_Bundled-Fiber_Feature.jpg\",\"width\":800,\"height\":600,\"caption\":\"Bundled-Fiber\"},{\"@type\":\"BreadcrumbList\",\"@id\":\"https:\/\/siemondev.wpenginepowered.com\/fr\/solutions\/fiber-systems\/bundled-fiber-trunks\/#breadcrumb\",\"itemListElement\":[{\"@type\":\"ListItem\",\"position\":1,\"name\":\"Home\",\"item\":\"https:\/\/siemondev.wpenginepowered.com\/fr\/\"},{\"@type\":\"ListItem\",\"position\":2,\"name\":\"Solutions\",\"item\":\"https:\/\/siemondev.wpenginepowered.com\/fr\/solutions\/\"},{\"@type\":\"ListItem\",\"position\":3,\"name\":\"Syst\u00e8mes \u00e0 fibres optiques\",\"item\":\"https:\/\/siemondev.wpenginepowered.com\/fr\/solutions\/fiber-systems\/\"},{\"@type\":\"ListItem\",\"position\":4,\"name\":\"Liaisons par fibres optiques\"}]},{\"@type\":\"WebSite\",\"@id\":\"https:\/\/siemondev.wpenginepowered.com\/fr\/#website\",\"url\":\"https:\/\/siemondev.wpenginepowered.com\/fr\/\",\"name\":\"Siemon\",\"description\":\"\",\"publisher\":{\"@id\":\"https:\/\/siemondev.wpenginepowered.com\/fr\/#organization\"},\"potentialAction\":[{\"@type\":\"SearchAction\",\"target\":{\"@type\":\"EntryPoint\",\"urlTemplate\":\"https:\/\/siemondev.wpenginepowered.com\/fr\/?s={search_term_string}\"},\"query-input\":{\"@type\":\"PropertyValueSpecification\",\"valueRequired\":true,\"valueName\":\"search_term_string\"}}],\"inLanguage\":\"fr-FR\"},{\"@type\":\"Organization\",\"@id\":\"https:\/\/siemondev.wpenginepowered.com\/fr\/#organization\",\"name\":\"Siemon\",\"url\":\"https:\/\/siemondev.wpenginepowered.com\/fr\/\",\"logo\":{\"@type\":\"ImageObject\",\"inLanguage\":\"fr-FR\",\"@id\":\"https:\/\/siemondev.wpenginepowered.com\/fr\/#\/schema\/logo\/image\/\",\"url\":\"https:\/\/siemondev.wpenginepowered.com\/wp-content\/uploads\/Siemon_Logo-1.jpg\",\"contentUrl\":\"https:\/\/siemondev.wpenginepowered.com\/wp-content\/uploads\/Siemon_Logo-1.jpg\",\"width\":1800,\"height\":500,\"caption\":\"Siemon\"},\"image\":{\"@id\":\"https:\/\/siemondev.wpenginepowered.com\/fr\/#\/schema\/logo\/image\/\"},\"sameAs\":[\"https:\/\/www.facebook.com\/siemoncabling\",\"https:\/\/x.com\/siemon\",\"https:\/\/www.youtube.com\/user\/SiemonNetworkCabling\",\"https:\/\/www.linkedin.com\/company\/the-siemon-company\/\",\"https:\/\/www.instagram.com\/siemon_company\/\"]}]}<\/script>\n<!-- \/ Yoast SEO Premium plugin. -->","yoast_head_json":{"title":"Liaisons par fibres optiques - Siemon","description":"Explorez les trunks de fibre optique group\u00e9s de Siemon pour des solutions de fibre optique haute performance et \u00e9volutives. Id\u00e9al pour les centres de donn\u00e9es, les campus et les r\u00e9seaux d'entreprise.","robots":{"index":"index","follow":"follow","max-snippet":"max-snippet:-1","max-image-preview":"max-image-preview:large","max-video-preview":"max-video-preview:-1"},"canonical":"https:\/\/siemondev.wpenginepowered.com\/fr\/solutions\/fiber-systems\/bundled-fiber-trunks\/","og_locale":"fr_FR","og_type":"article","og_title":"Liaisons par fibres optiques","og_description":"Explorez les trunks de fibre optique group\u00e9s de Siemon pour des solutions de fibre optique haute performance et \u00e9volutives. Id\u00e9al pour les centres de donn\u00e9es, les campus et les r\u00e9seaux d'entreprise.","og_url":"https:\/\/siemondev.wpenginepowered.com\/fr\/solutions\/fiber-systems\/bundled-fiber-trunks\/","og_site_name":"Siemon","article_publisher":"https:\/\/www.facebook.com\/siemoncabling","article_modified_time":"2025-04-11T02:46:08+00:00","og_image":[{"width":800,"height":600,"url":"https:\/\/siemondev.wpenginepowered.com\/wp-content\/uploads\/Siemon_Solutions_Fiber_Bundled-Fiber_Feature.jpg","type":"image\/jpeg"}],"twitter_card":"summary_large_image","twitter_site":"@siemon","twitter_misc":{"Dur\u00e9e de lecture estim\u00e9e":"1 minute"},"schema":{"@context":"https:\/\/schema.org","@graph":[{"@type":"WebPage","@id":"https:\/\/siemondev.wpenginepowered.com\/fr\/solutions\/fiber-systems\/bundled-fiber-trunks\/","url":"https:\/\/siemondev.wpenginepowered.com\/fr\/solutions\/fiber-systems\/bundled-fiber-trunks\/","name":"Liaisons par fibres optiques - Siemon","isPartOf":{"@id":"https:\/\/siemondev.wpenginepowered.com\/fr\/#website"},"primaryImageOfPage":{"@id":"https:\/\/siemondev.wpenginepowered.com\/fr\/solutions\/fiber-systems\/bundled-fiber-trunks\/#primaryimage"},"image":{"@id":"https:\/\/siemondev.wpenginepowered.com\/fr\/solutions\/fiber-systems\/bundled-fiber-trunks\/#primaryimage"},"thumbnailUrl":"https:\/\/siemondev.wpenginepowered.com\/wp-content\/uploads\/Siemon_Solutions_Fiber_Bundled-Fiber_Feature.jpg","datePublished":"2024-11-04T19:59:32+00:00","dateModified":"2025-04-11T02:46:08+00:00","description":"Explorez les trunks de fibre optique group\u00e9s de Siemon pour des solutions de fibre optique haute performance et \u00e9volutives. Id\u00e9al pour les centres de donn\u00e9es, les campus et les r\u00e9seaux d'entreprise.","breadcrumb":{"@id":"https:\/\/siemondev.wpenginepowered.com\/fr\/solutions\/fiber-systems\/bundled-fiber-trunks\/#breadcrumb"},"inLanguage":"fr-FR","potentialAction":[{"@type":"ReadAction","target":["https:\/\/siemondev.wpenginepowered.com\/fr\/solutions\/fiber-systems\/bundled-fiber-trunks\/"]}]},{"@type":"ImageObject","inLanguage":"fr-FR","@id":"https:\/\/siemondev.wpenginepowered.com\/fr\/solutions\/fiber-systems\/bundled-fiber-trunks\/#primaryimage","url":"https:\/\/siemondev.wpenginepowered.com\/wp-content\/uploads\/Siemon_Solutions_Fiber_Bundled-Fiber_Feature.jpg","contentUrl":"https:\/\/siemondev.wpenginepowered.com\/wp-content\/uploads\/Siemon_Solutions_Fiber_Bundled-Fiber_Feature.jpg","width":800,"height":600,"caption":"Bundled-Fiber"},{"@type":"BreadcrumbList","@id":"https:\/\/siemondev.wpenginepowered.com\/fr\/solutions\/fiber-systems\/bundled-fiber-trunks\/#breadcrumb","itemListElement":[{"@type":"ListItem","position":1,"name":"Home","item":"https:\/\/siemondev.wpenginepowered.com\/fr\/"},{"@type":"ListItem","position":2,"name":"Solutions","item":"https:\/\/siemondev.wpenginepowered.com\/fr\/solutions\/"},{"@type":"ListItem","position":3,"name":"Syst\u00e8mes \u00e0 fibres optiques","item":"https:\/\/siemondev.wpenginepowered.com\/fr\/solutions\/fiber-systems\/"},{"@type":"ListItem","position":4,"name":"Liaisons par fibres optiques"}]},{"@type":"WebSite","@id":"https:\/\/siemondev.wpenginepowered.com\/fr\/#website","url":"https:\/\/siemondev.wpenginepowered.com\/fr\/","name":"Siemon","description":"","publisher":{"@id":"https:\/\/siemondev.wpenginepowered.com\/fr\/#organization"},"potentialAction":[{"@type":"SearchAction","target":{"@type":"EntryPoint","urlTemplate":"https:\/\/siemondev.wpenginepowered.com\/fr\/?s={search_term_string}"},"query-input":{"@type":"PropertyValueSpecification","valueRequired":true,"valueName":"search_term_string"}}],"inLanguage":"fr-FR"},{"@type":"Organization","@id":"https:\/\/siemondev.wpenginepowered.com\/fr\/#organization","name":"Siemon","url":"https:\/\/siemondev.wpenginepowered.com\/fr\/","logo":{"@type":"ImageObject","inLanguage":"fr-FR","@id":"https:\/\/siemondev.wpenginepowered.com\/fr\/#\/schema\/logo\/image\/","url":"https:\/\/siemondev.wpenginepowered.com\/wp-content\/uploads\/Siemon_Logo-1.jpg","contentUrl":"https:\/\/siemondev.wpenginepowered.com\/wp-content\/uploads\/Siemon_Logo-1.jpg","width":1800,"height":500,"caption":"Siemon"},"image":{"@id":"https:\/\/siemondev.wpenginepowered.com\/fr\/#\/schema\/logo\/image\/"},"sameAs":["https:\/\/www.facebook.com\/siemoncabling","https:\/\/x.com\/siemon","https:\/\/www.youtube.com\/user\/SiemonNetworkCabling","https:\/\/www.linkedin.com\/company\/the-siemon-company\/","https:\/\/www.instagram.com\/siemon_company\/"]}]}},"_links":{"self":[{"href":"https:\/\/siemondev.wpenginepowered.com\/fr\/wp-json\/wp\/v2\/pages\/23019","targetHints":{"allow":["GET"]}}],"collection":[{"href":"https:\/\/siemondev.wpenginepowered.com\/fr\/wp-json\/wp\/v2\/pages"}],"about":[{"href":"https:\/\/siemondev.wpenginepowered.com\/fr\/wp-json\/wp\/v2\/types\/page"}],"author":[{"embeddable":true,"href":"https:\/\/siemondev.wpenginepowered.com\/fr\/wp-json\/wp\/v2\/users\/2"}],"replies":[{"embeddable":true,"href":"https:\/\/siemondev.wpenginepowered.com\/fr\/wp-json\/wp\/v2\/comments?post=23019"}],"version-history":[{"count":0,"href":"https:\/\/siemondev.wpenginepowered.com\/fr\/wp-json\/wp\/v2\/pages\/23019\/revisions"}],"up":[{"embeddable":true,"href":"https:\/\/siemondev.wpenginepowered.com\/fr\/wp-json\/wp\/v2\/pages\/23036"}],"wp:featuredmedia":[{"embeddable":true,"href":"https:\/\/siemondev.wpenginepowered.com\/fr\/wp-json\/wp\/v2\/media\/16640"}],"wp:attachment":[{"href":"https:\/\/siemondev.wpenginepowered.com\/fr\/wp-json\/wp\/v2\/media?parent=23019"}],"curies":[{"name":"wp","href":"https:\/\/api.w.org\/{rel}","templated":true}]}}