{"id":25634,"date":"2024-04-24T14:41:17","date_gmt":"2024-04-24T14:41:17","guid":{"rendered":"https:\/\/www.siemon.com\/services\/siemon-programa-de-instaladores-registrados-ri\/"},"modified":"2025-06-10T13:11:46","modified_gmt":"2025-06-10T13:11:46","slug":"registered-installer","status":"publish","type":"page","link":"https:\/\/siemondev.wpenginepowered.com\/es\/services\/registered-installer\/","title":{"rendered":"Programa de instaladores registrados (RI) de Siemon"},"content":{"rendered":"","protected":false},"excerpt":{"rendered":"","protected":false},"author":2,"featured_media":10980,"parent":21464,"menu_order":1,"comment_status":"closed","ping_status":"closed","template":"","meta":{"_acf_changed":false,"inline_featured_image":false,"footnotes":""},"class_list":["post-25634","page","type-page","status-publish","has-post-thumbnail","hentry"],"acf":[],"yoast_head":"<!-- This site is optimized with the Yoast SEO Premium plugin v26.2 (Yoast SEO v26.9) - https:\/\/yoast.com\/product\/yoast-seo-premium-wordpress\/ -->\n<title>Convi\u00e9rtase en un experto con el programa de instaladores registrados de Siemon<\/title>\n<meta name=\"description\" content=\"Convi\u00e9rtase en instalador registrado de Siemony acceda a ventajas exclusivas. \u00danase hoy mismo a nuestro programa.\" \/>\n<meta name=\"robots\" content=\"index, follow, max-snippet:-1, max-image-preview:large, max-video-preview:-1\" \/>\n<link rel=\"canonical\" href=\"https:\/\/siemondev.wpenginepowered.com\/es\/services\/registered-installer\/\" \/>\n<meta property=\"og:locale\" content=\"es_ES\" \/>\n<meta property=\"og:type\" content=\"article\" \/>\n<meta property=\"og:title\" content=\"Programa de instaladores registrados (RI) de Siemon\" \/>\n<meta property=\"og:description\" content=\"Convi\u00e9rtase en instalador registrado de Siemony acceda a ventajas exclusivas. \u00danase hoy mismo a nuestro programa.\" \/>\n<meta property=\"og:url\" content=\"https:\/\/siemondev.wpenginepowered.com\/es\/services\/registered-installer\/\" \/>\n<meta property=\"og:site_name\" content=\"Siemon\" \/>\n<meta property=\"article:publisher\" content=\"https:\/\/www.facebook.com\/siemoncabling\" \/>\n<meta property=\"article:modified_time\" content=\"2025-06-10T13:11:46+00:00\" \/>\n<meta property=\"og:image\" content=\"https:\/\/siemondev.wpenginepowered.com\/wp-content\/uploads\/Siemon_registered_installer_Feature.jpg\" \/>\n\t<meta property=\"og:image:width\" content=\"800\" \/>\n\t<meta property=\"og:image:height\" content=\"600\" \/>\n\t<meta property=\"og:image:type\" content=\"image\/jpeg\" \/>\n<meta name=\"twitter:card\" content=\"summary_large_image\" \/>\n<meta name=\"twitter:site\" content=\"@siemon\" \/>\n<meta name=\"twitter:label1\" content=\"Tiempo de lectura\" \/>\n\t<meta name=\"twitter:data1\" content=\"1 minuto\" \/>\n<script type=\"application\/ld+json\" class=\"yoast-schema-graph\">{\"@context\":\"https:\/\/schema.org\",\"@graph\":[{\"@type\":\"WebPage\",\"@id\":\"https:\/\/siemondev.wpenginepowered.com\/es\/services\/registered-installer\/\",\"url\":\"https:\/\/siemondev.wpenginepowered.com\/es\/services\/registered-installer\/\",\"name\":\"Convi\u00e9rtase en un experto con el programa de instaladores registrados de Siemon\",\"isPartOf\":{\"@id\":\"https:\/\/siemondev.wpenginepowered.com\/es\/#website\"},\"primaryImageOfPage\":{\"@id\":\"https:\/\/siemondev.wpenginepowered.com\/es\/services\/registered-installer\/#primaryimage\"},\"image\":{\"@id\":\"https:\/\/siemondev.wpenginepowered.com\/es\/services\/registered-installer\/#primaryimage\"},\"thumbnailUrl\":\"https:\/\/siemondev.wpenginepowered.com\/wp-content\/uploads\/Siemon_registered_installer_Feature.jpg\",\"datePublished\":\"2024-04-24T14:41:17+00:00\",\"dateModified\":\"2025-06-10T13:11:46+00:00\",\"description\":\"Convi\u00e9rtase en instalador registrado de Siemony acceda a ventajas exclusivas. \u00danase hoy mismo a nuestro programa.\",\"breadcrumb\":{\"@id\":\"https:\/\/siemondev.wpenginepowered.com\/es\/services\/registered-installer\/#breadcrumb\"},\"inLanguage\":\"es\",\"potentialAction\":[{\"@type\":\"ReadAction\",\"target\":[\"https:\/\/siemondev.wpenginepowered.com\/es\/services\/registered-installer\/\"]}]},{\"@type\":\"ImageObject\",\"inLanguage\":\"es\",\"@id\":\"https:\/\/siemondev.wpenginepowered.com\/es\/services\/registered-installer\/#primaryimage\",\"url\":\"https:\/\/siemondev.wpenginepowered.com\/wp-content\/uploads\/Siemon_registered_installer_Feature.jpg\",\"contentUrl\":\"https:\/\/siemondev.wpenginepowered.com\/wp-content\/uploads\/Siemon_registered_installer_Feature.jpg\",\"width\":800,\"height\":600,\"caption\":\"Registered Installer Feature\"},{\"@type\":\"BreadcrumbList\",\"@id\":\"https:\/\/siemondev.wpenginepowered.com\/es\/services\/registered-installer\/#breadcrumb\",\"itemListElement\":[{\"@type\":\"ListItem\",\"position\":1,\"name\":\"Home\",\"item\":\"https:\/\/siemondev.wpenginepowered.com\/es\/\"},{\"@type\":\"ListItem\",\"position\":2,\"name\":\"Servicios\",\"item\":\"https:\/\/siemondev.wpenginepowered.com\/es\/services\/\"},{\"@type\":\"ListItem\",\"position\":3,\"name\":\"Programa de instaladores registrados (RI) de Siemon\"}]},{\"@type\":\"WebSite\",\"@id\":\"https:\/\/siemondev.wpenginepowered.com\/es\/#website\",\"url\":\"https:\/\/siemondev.wpenginepowered.com\/es\/\",\"name\":\"Siemon\",\"description\":\"\",\"publisher\":{\"@id\":\"https:\/\/siemondev.wpenginepowered.com\/es\/#organization\"},\"potentialAction\":[{\"@type\":\"SearchAction\",\"target\":{\"@type\":\"EntryPoint\",\"urlTemplate\":\"https:\/\/siemondev.wpenginepowered.com\/es\/?s={search_term_string}\"},\"query-input\":{\"@type\":\"PropertyValueSpecification\",\"valueRequired\":true,\"valueName\":\"search_term_string\"}}],\"inLanguage\":\"es\"},{\"@type\":\"Organization\",\"@id\":\"https:\/\/siemondev.wpenginepowered.com\/es\/#organization\",\"name\":\"Siemon\",\"url\":\"https:\/\/siemondev.wpenginepowered.com\/es\/\",\"logo\":{\"@type\":\"ImageObject\",\"inLanguage\":\"es\",\"@id\":\"https:\/\/siemondev.wpenginepowered.com\/es\/#\/schema\/logo\/image\/\",\"url\":\"https:\/\/siemondev.wpenginepowered.com\/wp-content\/uploads\/Siemon_Logo-1.jpg\",\"contentUrl\":\"https:\/\/siemondev.wpenginepowered.com\/wp-content\/uploads\/Siemon_Logo-1.jpg\",\"width\":1800,\"height\":500,\"caption\":\"Siemon\"},\"image\":{\"@id\":\"https:\/\/siemondev.wpenginepowered.com\/es\/#\/schema\/logo\/image\/\"},\"sameAs\":[\"https:\/\/www.facebook.com\/siemoncabling\",\"https:\/\/x.com\/siemon\",\"https:\/\/www.youtube.com\/user\/SiemonNetworkCabling\",\"https:\/\/www.linkedin.com\/company\/the-siemon-company\/\",\"https:\/\/www.instagram.com\/siemon_company\/\"]}]}<\/script>\n<!-- \/ Yoast SEO Premium plugin. -->","yoast_head_json":{"title":"Convi\u00e9rtase en un experto con el programa de instaladores registrados de Siemon","description":"Convi\u00e9rtase en instalador registrado de Siemony acceda a ventajas exclusivas. \u00danase hoy mismo a nuestro programa.","robots":{"index":"index","follow":"follow","max-snippet":"max-snippet:-1","max-image-preview":"max-image-preview:large","max-video-preview":"max-video-preview:-1"},"canonical":"https:\/\/siemondev.wpenginepowered.com\/es\/services\/registered-installer\/","og_locale":"es_ES","og_type":"article","og_title":"Programa de instaladores registrados (RI) de Siemon","og_description":"Convi\u00e9rtase en instalador registrado de Siemony acceda a ventajas exclusivas. \u00danase hoy mismo a nuestro programa.","og_url":"https:\/\/siemondev.wpenginepowered.com\/es\/services\/registered-installer\/","og_site_name":"Siemon","article_publisher":"https:\/\/www.facebook.com\/siemoncabling","article_modified_time":"2025-06-10T13:11:46+00:00","og_image":[{"width":800,"height":600,"url":"https:\/\/siemondev.wpenginepowered.com\/wp-content\/uploads\/Siemon_registered_installer_Feature.jpg","type":"image\/jpeg"}],"twitter_card":"summary_large_image","twitter_site":"@siemon","twitter_misc":{"Tiempo de lectura":"1 minuto"},"schema":{"@context":"https:\/\/schema.org","@graph":[{"@type":"WebPage","@id":"https:\/\/siemondev.wpenginepowered.com\/es\/services\/registered-installer\/","url":"https:\/\/siemondev.wpenginepowered.com\/es\/services\/registered-installer\/","name":"Convi\u00e9rtase en un experto con el programa de instaladores registrados de Siemon","isPartOf":{"@id":"https:\/\/siemondev.wpenginepowered.com\/es\/#website"},"primaryImageOfPage":{"@id":"https:\/\/siemondev.wpenginepowered.com\/es\/services\/registered-installer\/#primaryimage"},"image":{"@id":"https:\/\/siemondev.wpenginepowered.com\/es\/services\/registered-installer\/#primaryimage"},"thumbnailUrl":"https:\/\/siemondev.wpenginepowered.com\/wp-content\/uploads\/Siemon_registered_installer_Feature.jpg","datePublished":"2024-04-24T14:41:17+00:00","dateModified":"2025-06-10T13:11:46+00:00","description":"Convi\u00e9rtase en instalador registrado de Siemony acceda a ventajas exclusivas. \u00danase hoy mismo a nuestro programa.","breadcrumb":{"@id":"https:\/\/siemondev.wpenginepowered.com\/es\/services\/registered-installer\/#breadcrumb"},"inLanguage":"es","potentialAction":[{"@type":"ReadAction","target":["https:\/\/siemondev.wpenginepowered.com\/es\/services\/registered-installer\/"]}]},{"@type":"ImageObject","inLanguage":"es","@id":"https:\/\/siemondev.wpenginepowered.com\/es\/services\/registered-installer\/#primaryimage","url":"https:\/\/siemondev.wpenginepowered.com\/wp-content\/uploads\/Siemon_registered_installer_Feature.jpg","contentUrl":"https:\/\/siemondev.wpenginepowered.com\/wp-content\/uploads\/Siemon_registered_installer_Feature.jpg","width":800,"height":600,"caption":"Registered Installer Feature"},{"@type":"BreadcrumbList","@id":"https:\/\/siemondev.wpenginepowered.com\/es\/services\/registered-installer\/#breadcrumb","itemListElement":[{"@type":"ListItem","position":1,"name":"Home","item":"https:\/\/siemondev.wpenginepowered.com\/es\/"},{"@type":"ListItem","position":2,"name":"Servicios","item":"https:\/\/siemondev.wpenginepowered.com\/es\/services\/"},{"@type":"ListItem","position":3,"name":"Programa de instaladores registrados (RI) de Siemon"}]},{"@type":"WebSite","@id":"https:\/\/siemondev.wpenginepowered.com\/es\/#website","url":"https:\/\/siemondev.wpenginepowered.com\/es\/","name":"Siemon","description":"","publisher":{"@id":"https:\/\/siemondev.wpenginepowered.com\/es\/#organization"},"potentialAction":[{"@type":"SearchAction","target":{"@type":"EntryPoint","urlTemplate":"https:\/\/siemondev.wpenginepowered.com\/es\/?s={search_term_string}"},"query-input":{"@type":"PropertyValueSpecification","valueRequired":true,"valueName":"search_term_string"}}],"inLanguage":"es"},{"@type":"Organization","@id":"https:\/\/siemondev.wpenginepowered.com\/es\/#organization","name":"Siemon","url":"https:\/\/siemondev.wpenginepowered.com\/es\/","logo":{"@type":"ImageObject","inLanguage":"es","@id":"https:\/\/siemondev.wpenginepowered.com\/es\/#\/schema\/logo\/image\/","url":"https:\/\/siemondev.wpenginepowered.com\/wp-content\/uploads\/Siemon_Logo-1.jpg","contentUrl":"https:\/\/siemondev.wpenginepowered.com\/wp-content\/uploads\/Siemon_Logo-1.jpg","width":1800,"height":500,"caption":"Siemon"},"image":{"@id":"https:\/\/siemondev.wpenginepowered.com\/es\/#\/schema\/logo\/image\/"},"sameAs":["https:\/\/www.facebook.com\/siemoncabling","https:\/\/x.com\/siemon","https:\/\/www.youtube.com\/user\/SiemonNetworkCabling","https:\/\/www.linkedin.com\/company\/the-siemon-company\/","https:\/\/www.instagram.com\/siemon_company\/"]}]}},"_links":{"self":[{"href":"https:\/\/siemondev.wpenginepowered.com\/es\/wp-json\/wp\/v2\/pages\/25634","targetHints":{"allow":["GET"]}}],"collection":[{"href":"https:\/\/siemondev.wpenginepowered.com\/es\/wp-json\/wp\/v2\/pages"}],"about":[{"href":"https:\/\/siemondev.wpenginepowered.com\/es\/wp-json\/wp\/v2\/types\/page"}],"author":[{"embeddable":true,"href":"https:\/\/siemondev.wpenginepowered.com\/es\/wp-json\/wp\/v2\/users\/2"}],"replies":[{"embeddable":true,"href":"https:\/\/siemondev.wpenginepowered.com\/es\/wp-json\/wp\/v2\/comments?post=25634"}],"version-history":[{"count":0,"href":"https:\/\/siemondev.wpenginepowered.com\/es\/wp-json\/wp\/v2\/pages\/25634\/revisions"}],"up":[{"embeddable":true,"href":"https:\/\/siemondev.wpenginepowered.com\/es\/wp-json\/wp\/v2\/pages\/21464"}],"wp:featuredmedia":[{"embeddable":true,"href":"https:\/\/siemondev.wpenginepowered.com\/es\/wp-json\/wp\/v2\/media\/10980"}],"wp:attachment":[{"href":"https:\/\/siemondev.wpenginepowered.com\/es\/wp-json\/wp\/v2\/media?parent=25634"}],"curies":[{"name":"wp","href":"https:\/\/api.w.org\/{rel}","templated":true}]}}