{"id":21300,"date":"2023-12-11T14:51:39","date_gmt":"2023-12-11T14:51:39","guid":{"rendered":"https:\/\/www.siemon.com\/our-company\/"},"modified":"2025-04-07T20:06:53","modified_gmt":"2025-04-07T20:06:53","slug":"our-company","status":"publish","type":"page","link":"https:\/\/siemondev.wpenginepowered.com\/es\/about-us\/our-company\/","title":{"rendered":"Nuestra empresa"},"content":{"rendered":"","protected":false},"excerpt":{"rendered":"","protected":false},"author":1,"featured_media":11537,"parent":21458,"menu_order":3,"comment_status":"closed","ping_status":"closed","template":"","meta":{"_acf_changed":false,"inline_featured_image":false,"footnotes":""},"class_list":["post-21300","page","type-page","status-publish","has-post-thumbnail","hentry"],"acf":[],"yoast_head":"<!-- This site is optimized with the Yoast SEO Premium plugin v26.2 (Yoast SEO v26.9) - https:\/\/yoast.com\/product\/yoast-seo-premium-wordpress\/ -->\n<title>Nuestra empresa: Innovaci\u00f3n pionera y excelencia<\/title>\n<meta name=\"description\" content=\"Conozca la misi\u00f3n y los valores de Nuestra Empresa y c\u00f3mo nos esforzamos por ofrecer productos y servicios excepcionales.\" \/>\n<meta name=\"robots\" content=\"index, follow, max-snippet:-1, max-image-preview:large, max-video-preview:-1\" \/>\n<link rel=\"canonical\" href=\"https:\/\/siemondev.wpenginepowered.com\/es\/about-us\/our-company\/\" \/>\n<meta property=\"og:locale\" content=\"es_ES\" \/>\n<meta property=\"og:type\" content=\"article\" \/>\n<meta property=\"og:title\" content=\"Nuestra empresa\" \/>\n<meta property=\"og:description\" content=\"Conozca la misi\u00f3n y los valores de Nuestra Empresa y c\u00f3mo nos esforzamos por ofrecer productos y servicios excepcionales.\" \/>\n<meta property=\"og:url\" content=\"https:\/\/siemondev.wpenginepowered.com\/es\/about-us\/our-company\/\" \/>\n<meta property=\"og:site_name\" content=\"Siemon\" \/>\n<meta property=\"article:publisher\" content=\"https:\/\/www.facebook.com\/siemoncabling\" \/>\n<meta property=\"article:modified_time\" content=\"2025-04-07T20:06:53+00:00\" \/>\n<meta property=\"og:image\" content=\"https:\/\/siemondev.wpenginepowered.com\/wp-content\/uploads\/Siemon_Company_Feature.jpg\" \/>\n\t<meta property=\"og:image:width\" content=\"800\" \/>\n\t<meta property=\"og:image:height\" content=\"600\" \/>\n\t<meta property=\"og:image:type\" content=\"image\/jpeg\" \/>\n<meta name=\"twitter:card\" content=\"summary_large_image\" \/>\n<meta name=\"twitter:site\" content=\"@siemon\" \/>\n<meta name=\"twitter:label1\" content=\"Tiempo de lectura\" \/>\n\t<meta name=\"twitter:data1\" content=\"1 minuto\" \/>\n<script type=\"application\/ld+json\" class=\"yoast-schema-graph\">{\"@context\":\"https:\/\/schema.org\",\"@graph\":[{\"@type\":\"WebPage\",\"@id\":\"https:\/\/siemondev.wpenginepowered.com\/es\/about-us\/our-company\/\",\"url\":\"https:\/\/siemondev.wpenginepowered.com\/es\/about-us\/our-company\/\",\"name\":\"Nuestra empresa: Innovaci\u00f3n pionera y excelencia\",\"isPartOf\":{\"@id\":\"https:\/\/siemondev.wpenginepowered.com\/es\/#website\"},\"primaryImageOfPage\":{\"@id\":\"https:\/\/siemondev.wpenginepowered.com\/es\/about-us\/our-company\/#primaryimage\"},\"image\":{\"@id\":\"https:\/\/siemondev.wpenginepowered.com\/es\/about-us\/our-company\/#primaryimage\"},\"thumbnailUrl\":\"https:\/\/siemondev.wpenginepowered.com\/wp-content\/uploads\/Siemon_Company_Feature.jpg\",\"datePublished\":\"2023-12-11T14:51:39+00:00\",\"dateModified\":\"2025-04-07T20:06:53+00:00\",\"description\":\"Conozca la misi\u00f3n y los valores de Nuestra Empresa y c\u00f3mo nos esforzamos por ofrecer productos y servicios excepcionales.\",\"breadcrumb\":{\"@id\":\"https:\/\/siemondev.wpenginepowered.com\/es\/about-us\/our-company\/#breadcrumb\"},\"inLanguage\":\"es\",\"potentialAction\":[{\"@type\":\"ReadAction\",\"target\":[\"https:\/\/siemondev.wpenginepowered.com\/es\/about-us\/our-company\/\"]}]},{\"@type\":\"ImageObject\",\"inLanguage\":\"es\",\"@id\":\"https:\/\/siemondev.wpenginepowered.com\/es\/about-us\/our-company\/#primaryimage\",\"url\":\"https:\/\/siemondev.wpenginepowered.com\/wp-content\/uploads\/Siemon_Company_Feature.jpg\",\"contentUrl\":\"https:\/\/siemondev.wpenginepowered.com\/wp-content\/uploads\/Siemon_Company_Feature.jpg\",\"width\":800,\"height\":600,\"caption\":\"Company Feature\"},{\"@type\":\"BreadcrumbList\",\"@id\":\"https:\/\/siemondev.wpenginepowered.com\/es\/about-us\/our-company\/#breadcrumb\",\"itemListElement\":[{\"@type\":\"ListItem\",\"position\":1,\"name\":\"Home\",\"item\":\"https:\/\/siemondev.wpenginepowered.com\/es\/\"},{\"@type\":\"ListItem\",\"position\":2,\"name\":\"Qui\u00e9nes somos\",\"item\":\"https:\/\/siemondev.wpenginepowered.com\/es\/about-us\/\"},{\"@type\":\"ListItem\",\"position\":3,\"name\":\"Nuestra empresa\"}]},{\"@type\":\"WebSite\",\"@id\":\"https:\/\/siemondev.wpenginepowered.com\/es\/#website\",\"url\":\"https:\/\/siemondev.wpenginepowered.com\/es\/\",\"name\":\"Siemon\",\"description\":\"\",\"publisher\":{\"@id\":\"https:\/\/siemondev.wpenginepowered.com\/es\/#organization\"},\"potentialAction\":[{\"@type\":\"SearchAction\",\"target\":{\"@type\":\"EntryPoint\",\"urlTemplate\":\"https:\/\/siemondev.wpenginepowered.com\/es\/?s={search_term_string}\"},\"query-input\":{\"@type\":\"PropertyValueSpecification\",\"valueRequired\":true,\"valueName\":\"search_term_string\"}}],\"inLanguage\":\"es\"},{\"@type\":\"Organization\",\"@id\":\"https:\/\/siemondev.wpenginepowered.com\/es\/#organization\",\"name\":\"Siemon\",\"url\":\"https:\/\/siemondev.wpenginepowered.com\/es\/\",\"logo\":{\"@type\":\"ImageObject\",\"inLanguage\":\"es\",\"@id\":\"https:\/\/siemondev.wpenginepowered.com\/es\/#\/schema\/logo\/image\/\",\"url\":\"https:\/\/siemondev.wpenginepowered.com\/wp-content\/uploads\/Siemon_Logo-1.jpg\",\"contentUrl\":\"https:\/\/siemondev.wpenginepowered.com\/wp-content\/uploads\/Siemon_Logo-1.jpg\",\"width\":1800,\"height\":500,\"caption\":\"Siemon\"},\"image\":{\"@id\":\"https:\/\/siemondev.wpenginepowered.com\/es\/#\/schema\/logo\/image\/\"},\"sameAs\":[\"https:\/\/www.facebook.com\/siemoncabling\",\"https:\/\/x.com\/siemon\",\"https:\/\/www.youtube.com\/user\/SiemonNetworkCabling\",\"https:\/\/www.linkedin.com\/company\/the-siemon-company\/\",\"https:\/\/www.instagram.com\/siemon_company\/\"]}]}<\/script>\n<!-- \/ Yoast SEO Premium plugin. -->","yoast_head_json":{"title":"Nuestra empresa: Innovaci\u00f3n pionera y excelencia","description":"Conozca la misi\u00f3n y los valores de Nuestra Empresa y c\u00f3mo nos esforzamos por ofrecer productos y servicios excepcionales.","robots":{"index":"index","follow":"follow","max-snippet":"max-snippet:-1","max-image-preview":"max-image-preview:large","max-video-preview":"max-video-preview:-1"},"canonical":"https:\/\/siemondev.wpenginepowered.com\/es\/about-us\/our-company\/","og_locale":"es_ES","og_type":"article","og_title":"Nuestra empresa","og_description":"Conozca la misi\u00f3n y los valores de Nuestra Empresa y c\u00f3mo nos esforzamos por ofrecer productos y servicios excepcionales.","og_url":"https:\/\/siemondev.wpenginepowered.com\/es\/about-us\/our-company\/","og_site_name":"Siemon","article_publisher":"https:\/\/www.facebook.com\/siemoncabling","article_modified_time":"2025-04-07T20:06:53+00:00","og_image":[{"width":800,"height":600,"url":"https:\/\/siemondev.wpenginepowered.com\/wp-content\/uploads\/Siemon_Company_Feature.jpg","type":"image\/jpeg"}],"twitter_card":"summary_large_image","twitter_site":"@siemon","twitter_misc":{"Tiempo de lectura":"1 minuto"},"schema":{"@context":"https:\/\/schema.org","@graph":[{"@type":"WebPage","@id":"https:\/\/siemondev.wpenginepowered.com\/es\/about-us\/our-company\/","url":"https:\/\/siemondev.wpenginepowered.com\/es\/about-us\/our-company\/","name":"Nuestra empresa: Innovaci\u00f3n pionera y excelencia","isPartOf":{"@id":"https:\/\/siemondev.wpenginepowered.com\/es\/#website"},"primaryImageOfPage":{"@id":"https:\/\/siemondev.wpenginepowered.com\/es\/about-us\/our-company\/#primaryimage"},"image":{"@id":"https:\/\/siemondev.wpenginepowered.com\/es\/about-us\/our-company\/#primaryimage"},"thumbnailUrl":"https:\/\/siemondev.wpenginepowered.com\/wp-content\/uploads\/Siemon_Company_Feature.jpg","datePublished":"2023-12-11T14:51:39+00:00","dateModified":"2025-04-07T20:06:53+00:00","description":"Conozca la misi\u00f3n y los valores de Nuestra Empresa y c\u00f3mo nos esforzamos por ofrecer productos y servicios excepcionales.","breadcrumb":{"@id":"https:\/\/siemondev.wpenginepowered.com\/es\/about-us\/our-company\/#breadcrumb"},"inLanguage":"es","potentialAction":[{"@type":"ReadAction","target":["https:\/\/siemondev.wpenginepowered.com\/es\/about-us\/our-company\/"]}]},{"@type":"ImageObject","inLanguage":"es","@id":"https:\/\/siemondev.wpenginepowered.com\/es\/about-us\/our-company\/#primaryimage","url":"https:\/\/siemondev.wpenginepowered.com\/wp-content\/uploads\/Siemon_Company_Feature.jpg","contentUrl":"https:\/\/siemondev.wpenginepowered.com\/wp-content\/uploads\/Siemon_Company_Feature.jpg","width":800,"height":600,"caption":"Company Feature"},{"@type":"BreadcrumbList","@id":"https:\/\/siemondev.wpenginepowered.com\/es\/about-us\/our-company\/#breadcrumb","itemListElement":[{"@type":"ListItem","position":1,"name":"Home","item":"https:\/\/siemondev.wpenginepowered.com\/es\/"},{"@type":"ListItem","position":2,"name":"Qui\u00e9nes somos","item":"https:\/\/siemondev.wpenginepowered.com\/es\/about-us\/"},{"@type":"ListItem","position":3,"name":"Nuestra empresa"}]},{"@type":"WebSite","@id":"https:\/\/siemondev.wpenginepowered.com\/es\/#website","url":"https:\/\/siemondev.wpenginepowered.com\/es\/","name":"Siemon","description":"","publisher":{"@id":"https:\/\/siemondev.wpenginepowered.com\/es\/#organization"},"potentialAction":[{"@type":"SearchAction","target":{"@type":"EntryPoint","urlTemplate":"https:\/\/siemondev.wpenginepowered.com\/es\/?s={search_term_string}"},"query-input":{"@type":"PropertyValueSpecification","valueRequired":true,"valueName":"search_term_string"}}],"inLanguage":"es"},{"@type":"Organization","@id":"https:\/\/siemondev.wpenginepowered.com\/es\/#organization","name":"Siemon","url":"https:\/\/siemondev.wpenginepowered.com\/es\/","logo":{"@type":"ImageObject","inLanguage":"es","@id":"https:\/\/siemondev.wpenginepowered.com\/es\/#\/schema\/logo\/image\/","url":"https:\/\/siemondev.wpenginepowered.com\/wp-content\/uploads\/Siemon_Logo-1.jpg","contentUrl":"https:\/\/siemondev.wpenginepowered.com\/wp-content\/uploads\/Siemon_Logo-1.jpg","width":1800,"height":500,"caption":"Siemon"},"image":{"@id":"https:\/\/siemondev.wpenginepowered.com\/es\/#\/schema\/logo\/image\/"},"sameAs":["https:\/\/www.facebook.com\/siemoncabling","https:\/\/x.com\/siemon","https:\/\/www.youtube.com\/user\/SiemonNetworkCabling","https:\/\/www.linkedin.com\/company\/the-siemon-company\/","https:\/\/www.instagram.com\/siemon_company\/"]}]}},"_links":{"self":[{"href":"https:\/\/siemondev.wpenginepowered.com\/es\/wp-json\/wp\/v2\/pages\/21300","targetHints":{"allow":["GET"]}}],"collection":[{"href":"https:\/\/siemondev.wpenginepowered.com\/es\/wp-json\/wp\/v2\/pages"}],"about":[{"href":"https:\/\/siemondev.wpenginepowered.com\/es\/wp-json\/wp\/v2\/types\/page"}],"author":[{"embeddable":true,"href":"https:\/\/siemondev.wpenginepowered.com\/es\/wp-json\/wp\/v2\/users\/1"}],"replies":[{"embeddable":true,"href":"https:\/\/siemondev.wpenginepowered.com\/es\/wp-json\/wp\/v2\/comments?post=21300"}],"version-history":[{"count":0,"href":"https:\/\/siemondev.wpenginepowered.com\/es\/wp-json\/wp\/v2\/pages\/21300\/revisions"}],"up":[{"embeddable":true,"href":"https:\/\/siemondev.wpenginepowered.com\/es\/wp-json\/wp\/v2\/pages\/21458"}],"wp:featuredmedia":[{"embeddable":true,"href":"https:\/\/siemondev.wpenginepowered.com\/es\/wp-json\/wp\/v2\/media\/11537"}],"wp:attachment":[{"href":"https:\/\/siemondev.wpenginepowered.com\/es\/wp-json\/wp\/v2\/media?parent=21300"}],"curies":[{"name":"wp","href":"https:\/\/api.w.org\/{rel}","templated":true}]}}